{"id":5578,"date":"2024-03-15T03:21:19","date_gmt":"2024-03-15T03:21:19","guid":{"rendered":"https:\/\/chkg.chodziez.pl\/?page_id=5578"},"modified":"2025-11-24T09:58:53","modified_gmt":"2025-11-24T08:58:53","slug":"spotkania-biznesowe-przy-kawie","status":"publish","type":"page","link":"https:\/\/chkg.chodziez.pl\/de\/spotkania-biznesowe-przy-kawie\/","title":{"rendered":"Spotkania biznesowe przy kawie"},"content":{"rendered":"\t\t<div data-elementor-type=\"wp-page\" data-elementor-id=\"5578\" class=\"elementor elementor-5578\" data-elementor-post-type=\"page\">\n\t\t\t\t\t\t<section class=\"elementor-section elementor-top-section elementor-element elementor-element-4473558 elementor-section-boxed elementor-section-height-default elementor-section-height-default\" data-id=\"4473558\" data-element_type=\"section\" data-e-type=\"section\">\n\t\t\t\t\t\t<div class=\"elementor-container elementor-column-gap-default\">\n\t\t\t\t\t<div class=\"elementor-column elementor-col-50 elementor-top-column elementor-element elementor-element-7f35493\" data-id=\"7f35493\" data-element_type=\"column\" data-e-type=\"column\">\n\t\t\t<div class=\"elementor-widget-wrap elementor-element-populated\">\n\t\t\t\t\t\t<div class=\"elementor-element elementor-element-1d7d9e0 elementor-widget elementor-widget-spacer\" data-id=\"1d7d9e0\" data-element_type=\"widget\" data-e-type=\"widget\" data-widget_type=\"spacer.default\">\n\t\t\t\t<div class=\"elementor-widget-container\">\n\t\t\t\t\t\t\t<div class=\"elementor-spacer\">\n\t\t\t<div class=\"elementor-spacer-inner\"><\/div>\n\t\t<\/div>\n\t\t\t\t\t\t<\/div>\n\t\t\t\t<\/div>\n\t\t\t\t<div class=\"elementor-element elementor-element-1a7c3e4 elementor-widget elementor-widget-heading\" data-id=\"1a7c3e4\" data-element_type=\"widget\" data-e-type=\"widget\" data-widget_type=\"heading.default\">\n\t\t\t\t<div class=\"elementor-widget-container\">\n\t\t\t\t\t<h2 class=\"elementor-heading-title elementor-size-default\">Integracja cz\u0142onk\u00f3w<\/h2>\t\t\t\t<\/div>\n\t\t\t\t<\/div>\n\t\t\t\t<div class=\"elementor-element elementor-element-07f90f0 elementor-widget elementor-widget-heading\" data-id=\"07f90f0\" data-element_type=\"widget\" data-e-type=\"widget\" data-widget_type=\"heading.default\">\n\t\t\t\t<div class=\"elementor-widget-container\">\n\t\t\t\t\t<h2 class=\"elementor-heading-title elementor-size-default\">w Chodzieskim Klubie Gospodarczym<\/h2>\t\t\t\t<\/div>\n\t\t\t\t<\/div>\n\t\t\t\t<div class=\"elementor-element elementor-element-3b7d534 elementor-widget__width-initial elementor-widget elementor-widget-text-editor\" data-id=\"3b7d534\" data-element_type=\"widget\" data-e-type=\"widget\" data-widget_type=\"text-editor.default\">\n\t\t\t\t<div class=\"elementor-widget-container\">\n\t\t\t\t\t\t\t\t\t<p><span style=\"color: #000000;\">\u015arodowe spotkania przy kawie s\u0105 jednym z innowacyjnych pomys\u0142\u00f3w Chodzieskiego Klubu Gospodarczego, kt\u00f3re maj\u0105 na celu stworzenie nieformalnej platformy dla przedsi\u0119biorc\u00f3w z lokalnej spo\u0142eczno\u015bci. <strong>Te regularne spotkania, odbywaj\u0105ce si\u0119 w przyjaznej atmosferze kawiarni lub restauracji, stanowi\u0105 doskona\u0142\u0105 okazj\u0119 do integracji cz\u0142onk\u00f3w klubu oraz promowania wymiany pomys\u0142\u00f3w, do\u015bwiadcze\u0144 i najlepszych praktyk biznesowych.<\/strong><\/span><\/p>\t\t\t\t\t\t\t\t<\/div>\n\t\t\t\t<\/div>\n\t\t\t\t\t<\/div>\n\t\t<\/div>\n\t\t\t\t<div class=\"elementor-column elementor-col-50 elementor-top-column elementor-element elementor-element-cc902a5\" data-id=\"cc902a5\" data-element_type=\"column\" data-e-type=\"column\">\n\t\t\t<div class=\"elementor-widget-wrap elementor-element-populated\">\n\t\t\t\t\t\t<div class=\"elementor-element elementor-element-553da2a elementor-widget elementor-widget-image\" data-id=\"553da2a\" data-element_type=\"widget\" data-e-type=\"widget\" data-widget_type=\"image.default\">\n\t\t\t\t<div class=\"elementor-widget-container\">\n\t\t\t\t\t\t\t\t\t\t\t\t\t\t\t<img fetchpriority=\"high\" decoding=\"async\" width=\"724\" height=\"1024\" src=\"https:\/\/chkg.chodziez.pl\/wp-content\/uploads\/2025\/01\/461349684_942503404591166_5624829192545353911_n-724x1024.jpg\" class=\"attachment-large size-large wp-image-6387\" alt=\"\" srcset=\"https:\/\/chkg.chodziez.pl\/wp-content\/uploads\/2025\/01\/461349684_942503404591166_5624829192545353911_n-724x1024.jpg 724w, https:\/\/chkg.chodziez.pl\/wp-content\/uploads\/2025\/01\/461349684_942503404591166_5624829192545353911_n-212x300.jpg 212w, https:\/\/chkg.chodziez.pl\/wp-content\/uploads\/2025\/01\/461349684_942503404591166_5624829192545353911_n-768x1086.jpg 768w, https:\/\/chkg.chodziez.pl\/wp-content\/uploads\/2025\/01\/461349684_942503404591166_5624829192545353911_n-1086x1536.jpg 1086w, https:\/\/chkg.chodziez.pl\/wp-content\/uploads\/2025\/01\/461349684_942503404591166_5624829192545353911_n-417x590.jpg 417w, https:\/\/chkg.chodziez.pl\/wp-content\/uploads\/2025\/01\/461349684_942503404591166_5624829192545353911_n-474x670.jpg 474w, https:\/\/chkg.chodziez.pl\/wp-content\/uploads\/2025\/01\/461349684_942503404591166_5624829192545353911_n-577x816.jpg 577w, https:\/\/chkg.chodziez.pl\/wp-content\/uploads\/2025\/01\/461349684_942503404591166_5624829192545353911_n-600x849.jpg 600w, https:\/\/chkg.chodziez.pl\/wp-content\/uploads\/2025\/01\/461349684_942503404591166_5624829192545353911_n.jpg 1131w\" sizes=\"(max-width: 724px) 100vw, 724px\" \/>\t\t\t\t\t\t\t\t\t\t\t\t\t\t\t<\/div>\n\t\t\t\t<\/div>\n\t\t\t\t\t<\/div>\n\t\t<\/div>\n\t\t\t\t\t<\/div>\n\t\t<\/section>\n\t\t\t\t<section class=\"elementor-section elementor-top-section elementor-element elementor-element-32ea22d elementor-section-boxed elementor-section-height-default elementor-section-height-default\" data-id=\"32ea22d\" data-element_type=\"section\" data-e-type=\"section\">\n\t\t\t\t\t\t<div class=\"elementor-container elementor-column-gap-default\">\n\t\t\t\t\t<div class=\"elementor-column elementor-col-100 elementor-top-column elementor-element elementor-element-b7b2c80\" data-id=\"b7b2c80\" data-element_type=\"column\" data-e-type=\"column\">\n\t\t\t<div class=\"elementor-widget-wrap elementor-element-populated\">\n\t\t\t\t\t\t<div class=\"elementor-element elementor-element-f65eb77 elementor-widget elementor-widget-spacer\" data-id=\"f65eb77\" data-element_type=\"widget\" data-e-type=\"widget\" data-widget_type=\"spacer.default\">\n\t\t\t\t<div class=\"elementor-widget-container\">\n\t\t\t\t\t\t\t<div class=\"elementor-spacer\">\n\t\t\t<div class=\"elementor-spacer-inner\"><\/div>\n\t\t<\/div>\n\t\t\t\t\t\t<\/div>\n\t\t\t\t<\/div>\n\t\t\t\t\t<\/div>\n\t\t<\/div>\n\t\t\t\t\t<\/div>\n\t\t<\/section>\n\t\t\t\t<section class=\"elementor-section elementor-top-section elementor-element elementor-element-28e3a91 elementor-section-boxed elementor-section-height-default elementor-section-height-default\" data-id=\"28e3a91\" data-element_type=\"section\" data-e-type=\"section\">\n\t\t\t\t\t\t<div class=\"elementor-container elementor-column-gap-default\">\n\t\t\t\t\t<div class=\"elementor-column elementor-col-100 elementor-top-column elementor-element elementor-element-0155e4e\" data-id=\"0155e4e\" data-element_type=\"column\" data-e-type=\"column\">\n\t\t\t<div class=\"elementor-widget-wrap elementor-element-populated\">\n\t\t\t\t\t\t<section class=\"elementor-section elementor-inner-section elementor-element elementor-element-e4791a2 elementor-section-boxed elementor-section-height-default elementor-section-height-default\" data-id=\"e4791a2\" data-element_type=\"section\" data-e-type=\"section\" data-settings=\"{&quot;background_background&quot;:&quot;classic&quot;}\">\n\t\t\t\t\t\t<div class=\"elementor-container elementor-column-gap-default\">\n\t\t\t\t\t<div class=\"elementor-column elementor-col-100 elementor-inner-column elementor-element elementor-element-aa1cfac\" data-id=\"aa1cfac\" data-element_type=\"column\" data-e-type=\"column\">\n\t\t\t<div class=\"elementor-widget-wrap elementor-element-populated\">\n\t\t\t\t\t\t<div class=\"elementor-element elementor-element-548c78e elementor-widget elementor-widget-text-editor\" data-id=\"548c78e\" data-element_type=\"widget\" data-e-type=\"widget\" data-widget_type=\"text-editor.default\">\n\t\t\t\t<div class=\"elementor-widget-container\">\n\t\t\t\t\t\t\t\t\t<p><span style=\"color: #000000;\">Podczas \u015brodowych spotka\u0144 przy kawie, przedsi\u0119biorcy maj\u0105 mo\u017cliwo\u015b\u0107 nie tylko spotkania si\u0119 twarz\u0105 w twarz, ale tak\u017ce nawi\u0105zania nowych kontakt\u00f3w biznesowych, poszerzenia sieci zawodowych relacji oraz zdobycia cennych wskaz\u00f3wek i wsparcia od do\u015bwiadczonych koleg\u00f3w z bran\u017cy. <strong>Atmosfera swobodnej rozmowy sprzyja otwarto\u015bci oraz wymianie informacji na tematy zwi\u0105zane z lokalnym rynkiem, trendami biznesowymi czy wyzwaniami przedsi\u0119biorczo\u015bci.<\/strong><\/span><\/p>\t\t\t\t\t\t\t\t<\/div>\n\t\t\t\t<\/div>\n\t\t\t\t\t<\/div>\n\t\t<\/div>\n\t\t\t\t\t<\/div>\n\t\t<\/section>\n\t\t\t\t\t<\/div>\n\t\t<\/div>\n\t\t\t\t\t<\/div>\n\t\t<\/section>\n\t\t\t\t<section class=\"elementor-section elementor-top-section elementor-element elementor-element-ebf57e8 elementor-section-full_width elementor-section-height-default elementor-section-height-default\" data-id=\"ebf57e8\" data-element_type=\"section\" data-e-type=\"section\">\n\t\t\t\t\t\t<div class=\"elementor-container elementor-column-gap-no\">\n\t\t\t\t\t<div class=\"elementor-column elementor-col-50 elementor-top-column elementor-element elementor-element-800749c\" data-id=\"800749c\" data-element_type=\"column\" data-e-type=\"column\">\n\t\t\t<div class=\"elementor-widget-wrap elementor-element-populated\">\n\t\t\t\t\t\t<div class=\"elementor-element elementor-element-dc72516 elementor-widget elementor-widget-spacer\" data-id=\"dc72516\" data-element_type=\"widget\" data-e-type=\"widget\" data-widget_type=\"spacer.default\">\n\t\t\t\t<div class=\"elementor-widget-container\">\n\t\t\t\t\t\t\t<div class=\"elementor-spacer\">\n\t\t\t<div class=\"elementor-spacer-inner\"><\/div>\n\t\t<\/div>\n\t\t\t\t\t\t<\/div>\n\t\t\t\t<\/div>\n\t\t\t\t<div class=\"elementor-element elementor-element-afed01e elementor-widget elementor-widget-heading\" data-id=\"afed01e\" data-element_type=\"widget\" data-e-type=\"widget\" data-widget_type=\"heading.default\">\n\t\t\t\t<div class=\"elementor-widget-container\">\n\t\t\t\t\t<h2 class=\"elementor-heading-title elementor-size-default\">Dlaczego warto ?<\/h2>\t\t\t\t<\/div>\n\t\t\t\t<\/div>\n\t\t\t\t<div class=\"elementor-element elementor-element-087176f elementor-hidden-tablet elementor-hidden-mobile elementor-widget elementor-widget-text-editor\" data-id=\"087176f\" data-element_type=\"widget\" data-e-type=\"widget\" data-widget_type=\"text-editor.default\">\n\t\t\t\t<div class=\"elementor-widget-container\">\n\t\t\t\t\t\t\t\t\t<div class=\"elementor-element elementor-element-f91791f ob-harakiri-inherit ob-has-background-overlay elementor-widget elementor-widget-text-editor ob-harakiri\" data-id=\"f91791f\" data-element_type=\"widget\" data-settings=\"{&quot;_ob_use_harakiri&quot;:&quot;yes&quot;,&quot;_ob_harakiri_writing_mode&quot;:&quot;inherit&quot;,&quot;_ob_postman_use&quot;:&quot;no&quot;,&quot;_ob_widget_stalker_use&quot;:&quot;no&quot;,&quot;_ob_poopart_use&quot;:&quot;yes&quot;,&quot;_ob_shadough_use&quot;:&quot;no&quot;,&quot;_ob_allow_hoveranimator&quot;:&quot;no&quot;}\" data-widget_type=\"text-editor.default\"><div class=\"elementor-widget-container\"><h3 style=\"text-align: left;\"><span style=\"color: #0a5d92;\">Wzi\u0105\u0107 udzia\u0142 w spotkaniach<\/span><\/h3><\/div><\/div>\t\t\t\t\t\t\t\t<\/div>\n\t\t\t\t<\/div>\n\t\t\t\t<div class=\"elementor-element elementor-element-5232d5e elementor-widget elementor-widget-text-editor\" data-id=\"5232d5e\" data-element_type=\"widget\" data-e-type=\"widget\" data-widget_type=\"text-editor.default\">\n\t\t\t\t<div class=\"elementor-widget-container\">\n\t\t\t\t\t\t\t\t\t<p><span style=\"color: #000000;\">Organizuj\u0105c te spotkania, Chodzieski Klub Gospodarczy nie tylko umo\u017cliwia budowanie silnych wi\u0119zi mi\u0119dzy cz\u0142onkami, ale tak\u017ce wspiera rozw\u00f3j lokalnego biznesu poprzez wymian\u0119 wiedzy i do\u015bwiadcze\u0144. <\/span><\/p><p><strong><span style=\"color: #000000;\">\u015arodowe spotkania przy kawie staj\u0105 si\u0119 wi\u0119c istotnym elementem aktywno\u015bci klubu, kt\u00f3ry wspiera przedsi\u0119biorc\u00f3w w ich codziennej pracy oraz stwarza warunki do wsp\u00f3\u0142pracy i wzajemnego wsparcia na lokalnym rynku.<\/span><\/strong><\/p>\t\t\t\t\t\t\t\t<\/div>\n\t\t\t\t<\/div>\n\t\t\t\t<div class=\"elementor-element elementor-element-7f52b04 elementor-hidden-mobile elementor-widget elementor-widget-spacer\" data-id=\"7f52b04\" data-element_type=\"widget\" data-e-type=\"widget\" data-widget_type=\"spacer.default\">\n\t\t\t\t<div class=\"elementor-widget-container\">\n\t\t\t\t\t\t\t<div class=\"elementor-spacer\">\n\t\t\t<div class=\"elementor-spacer-inner\"><\/div>\n\t\t<\/div>\n\t\t\t\t\t\t<\/div>\n\t\t\t\t<\/div>\n\t\t\t\t\t<\/div>\n\t\t<\/div>\n\t\t\t\t<div class=\"elementor-column elementor-col-50 elementor-top-column elementor-element elementor-element-d6f669f\" data-id=\"d6f669f\" data-element_type=\"column\" data-e-type=\"column\">\n\t\t\t<div class=\"elementor-widget-wrap elementor-element-populated\">\n\t\t\t\t\t\t<div class=\"elementor-element elementor-element-8828724 elementor-widget elementor-widget-spacer\" data-id=\"8828724\" data-element_type=\"widget\" data-e-type=\"widget\" data-widget_type=\"spacer.default\">\n\t\t\t\t<div class=\"elementor-widget-container\">\n\t\t\t\t\t\t\t<div class=\"elementor-spacer\">\n\t\t\t<div class=\"elementor-spacer-inner\"><\/div>\n\t\t<\/div>\n\t\t\t\t\t\t<\/div>\n\t\t\t\t<\/div>\n\t\t\t\t<div class=\"elementor-element elementor-element-d2e1211 elementor-widget elementor-widget-image-carousel\" data-id=\"d2e1211\" data-element_type=\"widget\" data-e-type=\"widget\" data-settings=\"{&quot;slides_to_show&quot;:&quot;1&quot;,&quot;navigation&quot;:&quot;none&quot;,&quot;autoplay_speed&quot;:3000,&quot;speed&quot;:1000,&quot;autoplay&quot;:&quot;yes&quot;,&quot;pause_on_hover&quot;:&quot;yes&quot;,&quot;pause_on_interaction&quot;:&quot;yes&quot;,&quot;infinite&quot;:&quot;yes&quot;,&quot;effect&quot;:&quot;slide&quot;}\" data-widget_type=\"image-carousel.default\">\n\t\t\t\t<div class=\"elementor-widget-container\">\n\t\t\t\t\t\t\t<div class=\"elementor-image-carousel-wrapper swiper\" role=\"region\" aria-roledescription=\"carousel\" aria-label=\"Karuzela obrazk\u00f3w\" dir=\"ltr\">\n\t\t\t<div class=\"elementor-image-carousel swiper-wrapper\" aria-live=\"off\">\n\t\t\t\t\t\t\t\t<div class=\"swiper-slide\" role=\"group\" aria-roledescription=\"slide\" aria-label=\"1 von 4\"><figure class=\"swiper-slide-inner\"><img decoding=\"async\" class=\"swiper-slide-image\" src=\"https:\/\/chkg.chodziez.pl\/wp-content\/uploads\/2024\/03\/5.jpg\" alt=\"5\" \/><\/figure><\/div><div class=\"swiper-slide\" role=\"group\" aria-roledescription=\"slide\" aria-label=\"2 von 4\"><figure class=\"swiper-slide-inner\"><img decoding=\"async\" class=\"swiper-slide-image\" src=\"https:\/\/chkg.chodziez.pl\/wp-content\/uploads\/2024\/03\/2-1.jpg\" alt=\"2\" \/><\/figure><\/div><div class=\"swiper-slide\" role=\"group\" aria-roledescription=\"slide\" aria-label=\"3 von 4\"><figure class=\"swiper-slide-inner\"><img decoding=\"async\" class=\"swiper-slide-image\" src=\"https:\/\/chkg.chodziez.pl\/wp-content\/uploads\/2024\/03\/6.jpg\" alt=\"6\" \/><\/figure><\/div><div class=\"swiper-slide\" role=\"group\" aria-roledescription=\"slide\" aria-label=\"4 von 4\"><figure class=\"swiper-slide-inner\"><img decoding=\"async\" class=\"swiper-slide-image\" src=\"https:\/\/chkg.chodziez.pl\/wp-content\/uploads\/2024\/03\/4.jpg\" alt=\"4\" \/><\/figure><\/div>\t\t\t<\/div>\n\t\t\t\t\t\t\t\n\t\t\t\t\t\t\t\t\t<\/div>\n\t\t\t\t\t\t<\/div>\n\t\t\t\t<\/div>\n\t\t\t\t<div class=\"elementor-element elementor-element-5eb6720 elementor-widget elementor-widget-spacer\" data-id=\"5eb6720\" data-element_type=\"widget\" data-e-type=\"widget\" data-widget_type=\"spacer.default\">\n\t\t\t\t<div class=\"elementor-widget-container\">\n\t\t\t\t\t\t\t<div class=\"elementor-spacer\">\n\t\t\t<div class=\"elementor-spacer-inner\"><\/div>\n\t\t<\/div>\n\t\t\t\t\t\t<\/div>\n\t\t\t\t<\/div>\n\t\t\t\t\t<\/div>\n\t\t<\/div>\n\t\t\t\t\t<\/div>\n\t\t<\/section>\n\t\t\t\t<section class=\"elementor-section elementor-top-section elementor-element elementor-element-47be612 elementor-section-boxed elementor-section-height-default elementor-section-height-default\" data-id=\"47be612\" data-element_type=\"section\" data-e-type=\"section\">\n\t\t\t\t\t\t<div class=\"elementor-container elementor-column-gap-default\">\n\t\t\t\t\t<div class=\"elementor-column elementor-col-100 elementor-top-column elementor-element elementor-element-4439608\" data-id=\"4439608\" data-element_type=\"column\" data-e-type=\"column\">\n\t\t\t<div class=\"elementor-widget-wrap elementor-element-populated\">\n\t\t\t\t\t\t<div class=\"elementor-element elementor-element-005e5e6 elementor-widget elementor-widget-spacer\" data-id=\"005e5e6\" data-element_type=\"widget\" data-e-type=\"widget\" data-widget_type=\"spacer.default\">\n\t\t\t\t<div class=\"elementor-widget-container\">\n\t\t\t\t\t\t\t<div class=\"elementor-spacer\">\n\t\t\t<div class=\"elementor-spacer-inner\"><\/div>\n\t\t<\/div>\n\t\t\t\t\t\t<\/div>\n\t\t\t\t<\/div>\n\t\t\t\t<div class=\"elementor-element elementor-element-185b124 elementor-align-center elementor-mobile-align-center elementor-hidden-tablet elementor-hidden-mobile elementor-widget elementor-widget-button\" data-id=\"185b124\" data-element_type=\"widget\" data-e-type=\"widget\" data-widget_type=\"button.default\">\n\t\t\t\t<div class=\"elementor-widget-container\">\n\t\t\t\t\t\t\t\t\t<div class=\"elementor-button-wrapper\">\n\t\t\t\t\t<a class=\"elementor-button elementor-button-link elementor-size-md\" href=\"\/dolacz-do-nas\">\n\t\t\t\t\t\t<span class=\"elementor-button-content-wrapper\">\n\t\t\t\t\t\t\t\t\t<span class=\"elementor-button-text\">DO\u0141\u0104CZ DO NAS<\/span>\n\t\t\t\t\t<\/span>\n\t\t\t\t\t<\/a>\n\t\t\t\t<\/div>\n\t\t\t\t\t\t\t\t<\/div>\n\t\t\t\t<\/div>\n\t\t\t\t\t<\/div>\n\t\t<\/div>\n\t\t\t\t\t<\/div>\n\t\t<\/section>\n\t\t\t\t<\/div>\n\t\t","protected":false},"excerpt":{"rendered":"<p>5264<\/p>\n","protected":false},"author":31,"featured_media":0,"parent":0,"menu_order":0,"comment_status":"closed","ping_status":"closed","template":"","meta":{"footnotes":""},"class_list":["post-5578","page","type-page","status-publish","hentry"],"_links":{"self":[{"href":"https:\/\/chkg.chodziez.pl\/de\/wp-json\/wp\/v2\/pages\/5578","targetHints":{"allow":["GET"]}}],"collection":[{"href":"https:\/\/chkg.chodziez.pl\/de\/wp-json\/wp\/v2\/pages"}],"about":[{"href":"https:\/\/chkg.chodziez.pl\/de\/wp-json\/wp\/v2\/types\/page"}],"author":[{"embeddable":true,"href":"https:\/\/chkg.chodziez.pl\/de\/wp-json\/wp\/v2\/users\/31"}],"replies":[{"embeddable":true,"href":"https:\/\/chkg.chodziez.pl\/de\/wp-json\/wp\/v2\/comments?post=5578"}],"version-history":[{"count":20,"href":"https:\/\/chkg.chodziez.pl\/de\/wp-json\/wp\/v2\/pages\/5578\/revisions"}],"predecessor-version":[{"id":6746,"href":"https:\/\/chkg.chodziez.pl\/de\/wp-json\/wp\/v2\/pages\/5578\/revisions\/6746"}],"wp:attachment":[{"href":"https:\/\/chkg.chodziez.pl\/de\/wp-json\/wp\/v2\/media?parent=5578"}],"curies":[{"name":"wp","href":"https:\/\/api.w.org\/{rel}","templated":true}]}}