{"id":5661,"date":"2024-03-15T09:05:23","date_gmt":"2024-03-15T09:05:23","guid":{"rendered":"https:\/\/chkg.chodziez.pl\/?page_id=5661"},"modified":"2024-03-15T11:37:26","modified_gmt":"2024-03-15T11:37:26","slug":"centrum-arbitrazu-i-mediacji","status":"publish","type":"page","link":"https:\/\/chkg.chodziez.pl\/de\/centrum-arbitrazu-i-mediacji\/","title":{"rendered":"Centrum Arbitra\u017cu i Mediacji"},"content":{"rendered":"\t\t<div data-elementor-type=\"wp-page\" data-elementor-id=\"5661\" class=\"elementor elementor-5661\" data-elementor-post-type=\"page\">\n\t\t\t\t\t\t<section class=\"elementor-section elementor-top-section elementor-element elementor-element-4473558 elementor-section-boxed elementor-section-height-default elementor-section-height-default\" data-id=\"4473558\" data-element_type=\"section\" data-e-type=\"section\">\n\t\t\t\t\t\t<div class=\"elementor-container elementor-column-gap-default\">\n\t\t\t\t\t<div class=\"elementor-column elementor-col-50 elementor-top-column elementor-element elementor-element-7f35493\" data-id=\"7f35493\" data-element_type=\"column\" data-e-type=\"column\">\n\t\t\t<div class=\"elementor-widget-wrap elementor-element-populated\">\n\t\t\t\t\t\t<div class=\"elementor-element elementor-element-1d7d9e0 elementor-widget elementor-widget-spacer\" data-id=\"1d7d9e0\" data-element_type=\"widget\" data-e-type=\"widget\" data-widget_type=\"spacer.default\">\n\t\t\t\t<div class=\"elementor-widget-container\">\n\t\t\t\t\t\t\t<div class=\"elementor-spacer\">\n\t\t\t<div class=\"elementor-spacer-inner\"><\/div>\n\t\t<\/div>\n\t\t\t\t\t\t<\/div>\n\t\t\t\t<\/div>\n\t\t\t\t<div class=\"elementor-element elementor-element-1a7c3e4 elementor-widget elementor-widget-heading\" data-id=\"1a7c3e4\" data-element_type=\"widget\" data-e-type=\"widget\" data-widget_type=\"heading.default\">\n\t\t\t\t<div class=\"elementor-widget-container\">\n\t\t\t\t\t<h2 class=\"elementor-heading-title elementor-size-default\">Centrum Arbitra\u017cu i Mediacji<\/h2>\t\t\t\t<\/div>\n\t\t\t\t<\/div>\n\t\t\t\t<div class=\"elementor-element elementor-element-07f90f0 elementor-widget elementor-widget-heading\" data-id=\"07f90f0\" data-element_type=\"widget\" data-e-type=\"widget\" data-widget_type=\"heading.default\">\n\t\t\t\t<div class=\"elementor-widget-container\">\n\t\t\t\t\t<h2 class=\"elementor-heading-title elementor-size-default\">Informacje Og\u00f3lne<\/h2>\t\t\t\t<\/div>\n\t\t\t\t<\/div>\n\t\t\t\t<div class=\"elementor-element elementor-element-3b7d534 elementor-widget__width-initial elementor-widget elementor-widget-text-editor\" data-id=\"3b7d534\" data-element_type=\"widget\" data-e-type=\"widget\" data-widget_type=\"text-editor.default\">\n\t\t\t\t<div class=\"elementor-widget-container\">\n\t\t\t\t\t\t\t\t\t<p><span style=\"color: #000000;\"><b>Arbitra\u017c lub mediacja zamiast s\u0105du! Okienko podawcze CAM w siedzibie Chodzieskiego Klubu Gospodarczego!<\/b><\/span><\/p><p><span style=\"color: #000000;\">Wielkopolska Izba Przemys\u0142owo-Handlowa, nawi\u0105zuj\u0105c do wieloletnich tradycji arbitra\u017cu w naszym regionie, wraz z regionalnymi partnerami, podpisa\u0142a akt utworzenia Wielkopolskiego Centrum Arbitra\u017cu i Mediacji w Poznaniu. <\/span><\/p><p><span style=\"color: #000000;\"><b>Jest to jeden z sze\u015bciu w Polsce. Organizacja CAM oraz promocja takiej drogi rozwi\u0105zywania konflikt\u00f3w w biznesie to element projektu realizowanego przez Ministerstwo Gospodarki. Projekt finansowany jest ze \u015brodk\u00f3w Unii Europejskiej<\/b><\/span><\/p>\t\t\t\t\t\t\t\t<\/div>\n\t\t\t\t<\/div>\n\t\t\t\t\t<\/div>\n\t\t<\/div>\n\t\t\t\t<div class=\"elementor-column elementor-col-50 elementor-top-column elementor-element elementor-element-cc902a5\" data-id=\"cc902a5\" data-element_type=\"column\" data-e-type=\"column\">\n\t\t\t<div class=\"elementor-widget-wrap elementor-element-populated\">\n\t\t\t\t\t\t<div class=\"elementor-element elementor-element-8266d24 elementor-hidden-tablet elementor-hidden-mobile elementor-widget elementor-widget-spacer\" data-id=\"8266d24\" data-element_type=\"widget\" data-e-type=\"widget\" data-widget_type=\"spacer.default\">\n\t\t\t\t<div class=\"elementor-widget-container\">\n\t\t\t\t\t\t\t<div class=\"elementor-spacer\">\n\t\t\t<div class=\"elementor-spacer-inner\"><\/div>\n\t\t<\/div>\n\t\t\t\t\t\t<\/div>\n\t\t\t\t<\/div>\n\t\t\t\t<div class=\"elementor-element elementor-element-3384f43 elementor-hidden-tablet elementor-hidden-mobile elementor-widget elementor-widget-spacer\" data-id=\"3384f43\" data-element_type=\"widget\" data-e-type=\"widget\" data-widget_type=\"spacer.default\">\n\t\t\t\t<div class=\"elementor-widget-container\">\n\t\t\t\t\t\t\t<div class=\"elementor-spacer\">\n\t\t\t<div class=\"elementor-spacer-inner\"><\/div>\n\t\t<\/div>\n\t\t\t\t\t\t<\/div>\n\t\t\t\t<\/div>\n\t\t\t\t<div class=\"elementor-element elementor-element-553da2a elementor-widget elementor-widget-image\" data-id=\"553da2a\" data-element_type=\"widget\" data-e-type=\"widget\" data-widget_type=\"image.default\">\n\t\t\t\t<div class=\"elementor-widget-container\">\n\t\t\t\t\t\t\t\t\t\t\t\t\t\t\t<img decoding=\"async\" width=\"120\" height=\"106\" src=\"https:\/\/chkg.chodziez.pl\/wp-content\/uploads\/2024\/03\/cam.jpg\" class=\"attachment-large size-large wp-image-5671\" alt=\"\" \/>\t\t\t\t\t\t\t\t\t\t\t\t\t\t\t<\/div>\n\t\t\t\t<\/div>\n\t\t\t\t\t<\/div>\n\t\t<\/div>\n\t\t\t\t\t<\/div>\n\t\t<\/section>\n\t\t\t\t<section class=\"elementor-section elementor-top-section elementor-element elementor-element-32ea22d elementor-section-boxed elementor-section-height-default elementor-section-height-default\" data-id=\"32ea22d\" data-element_type=\"section\" data-e-type=\"section\">\n\t\t\t\t\t\t<div class=\"elementor-container elementor-column-gap-default\">\n\t\t\t\t\t<div class=\"elementor-column elementor-col-100 elementor-top-column elementor-element elementor-element-b7b2c80\" data-id=\"b7b2c80\" data-element_type=\"column\" data-e-type=\"column\">\n\t\t\t<div class=\"elementor-widget-wrap elementor-element-populated\">\n\t\t\t\t\t\t<div class=\"elementor-element elementor-element-f65eb77 elementor-widget elementor-widget-spacer\" data-id=\"f65eb77\" data-element_type=\"widget\" data-e-type=\"widget\" data-widget_type=\"spacer.default\">\n\t\t\t\t<div class=\"elementor-widget-container\">\n\t\t\t\t\t\t\t<div class=\"elementor-spacer\">\n\t\t\t<div class=\"elementor-spacer-inner\"><\/div>\n\t\t<\/div>\n\t\t\t\t\t\t<\/div>\n\t\t\t\t<\/div>\n\t\t\t\t\t<\/div>\n\t\t<\/div>\n\t\t\t\t\t<\/div>\n\t\t<\/section>\n\t\t\t\t<section class=\"elementor-section elementor-top-section elementor-element elementor-element-28e3a91 elementor-section-boxed elementor-section-height-default elementor-section-height-default\" data-id=\"28e3a91\" data-element_type=\"section\" data-e-type=\"section\">\n\t\t\t\t\t\t<div class=\"elementor-container elementor-column-gap-default\">\n\t\t\t\t\t<div class=\"elementor-column elementor-col-100 elementor-top-column elementor-element elementor-element-0155e4e\" data-id=\"0155e4e\" data-element_type=\"column\" data-e-type=\"column\">\n\t\t\t<div class=\"elementor-widget-wrap elementor-element-populated\">\n\t\t\t\t\t\t<section class=\"elementor-section elementor-inner-section elementor-element elementor-element-e4791a2 elementor-section-boxed elementor-section-height-default elementor-section-height-default\" data-id=\"e4791a2\" data-element_type=\"section\" data-e-type=\"section\" data-settings=\"{&quot;background_background&quot;:&quot;classic&quot;}\">\n\t\t\t\t\t\t<div class=\"elementor-container elementor-column-gap-default\">\n\t\t\t\t\t<div class=\"elementor-column elementor-col-100 elementor-inner-column elementor-element elementor-element-aa1cfac\" data-id=\"aa1cfac\" data-element_type=\"column\" data-e-type=\"column\">\n\t\t\t<div class=\"elementor-widget-wrap elementor-element-populated\">\n\t\t\t\t\t\t<div class=\"elementor-element elementor-element-548c78e elementor-widget elementor-widget-text-editor\" data-id=\"548c78e\" data-element_type=\"widget\" data-e-type=\"widget\" data-widget_type=\"text-editor.default\">\n\t\t\t\t<div class=\"elementor-widget-container\">\n\t\t\t\t\t\t\t\t\t<p><span style=\"color: #000000;\">Centra Arbitra\u017cu i Mediacji skupiaj\u0105 si\u0119 na prowadzeniu arbitra\u017cu i mediacji pozas\u0105dowej w sporach mi\u0119dzy przedsi\u0119biorcami. Taka inicjatywna niew\u0105tpliwie u\u0142atwia polskiemu biznesowi oraz konsumentom szybkie i nisko kosztowe rozstrzyganie spor\u00f3w. <b>Dzi\u0119ki temu poprawi\u0107 si\u0119 maj\u0105 warunki prowadzenia dzia\u0142alno\u015bci gospodarczej w Polsce, ale tak\u017ce nast\u0105pi\u0107 ma odci\u0105\u017cenie s\u0105d\u00f3w powszechnych i skr\u00f3cenie czasu trwaj\u0105cych w nich post\u0119powa\u0144. <\/b><\/span><\/p><p><span style=\"color: #000000;\">Zaznaczy\u0107 trzeba, \u017ce S\u0105dy Arbitra\u017cowe i S\u0105dy Polubowne opr\u00f3cz tego, \u017ce dzia\u0142aj\u0105 szybko, to ich post\u0119powanie nie jest obci\u0105\u017cone skomplikowanymi procedurami, a orzeczenia maj\u0105 pe\u0142n\u0105 moc prawn\u0105 (pod warunkiem, \u017ce obie strony wcze\u015bniej zapisa\u0142y si\u0119 na arbitra\u017c).<\/span><\/p>\t\t\t\t\t\t\t\t<\/div>\n\t\t\t\t<\/div>\n\t\t\t\t\t<\/div>\n\t\t<\/div>\n\t\t\t\t\t<\/div>\n\t\t<\/section>\n\t\t\t\t\t<\/div>\n\t\t<\/div>\n\t\t\t\t\t<\/div>\n\t\t<\/section>\n\t\t\t\t<section class=\"elementor-section elementor-top-section elementor-element elementor-element-ebf57e8 elementor-section-full_width elementor-section-height-default elementor-section-height-default\" data-id=\"ebf57e8\" data-element_type=\"section\" data-e-type=\"section\">\n\t\t\t\t\t\t<div class=\"elementor-container elementor-column-gap-no\">\n\t\t\t\t\t<div class=\"elementor-column elementor-col-100 elementor-top-column elementor-element elementor-element-800749c\" data-id=\"800749c\" data-element_type=\"column\" data-e-type=\"column\">\n\t\t\t<div class=\"elementor-widget-wrap elementor-element-populated\">\n\t\t\t\t\t\t<div class=\"elementor-element elementor-element-dc72516 elementor-widget elementor-widget-spacer\" data-id=\"dc72516\" data-element_type=\"widget\" data-e-type=\"widget\" data-widget_type=\"spacer.default\">\n\t\t\t\t<div class=\"elementor-widget-container\">\n\t\t\t\t\t\t\t<div class=\"elementor-spacer\">\n\t\t\t<div class=\"elementor-spacer-inner\"><\/div>\n\t\t<\/div>\n\t\t\t\t\t\t<\/div>\n\t\t\t\t<\/div>\n\t\t\t\t<div class=\"elementor-element elementor-element-afed01e elementor-widget elementor-widget-heading\" data-id=\"afed01e\" data-element_type=\"widget\" data-e-type=\"widget\" data-widget_type=\"heading.default\">\n\t\t\t\t<div class=\"elementor-widget-container\">\n\t\t\t\t\t<h2 class=\"elementor-heading-title elementor-size-default\">Jak to dzia\u0142a ?<\/h2>\t\t\t\t<\/div>\n\t\t\t\t<\/div>\n\t\t\t\t<div class=\"elementor-element elementor-element-087176f elementor-widget elementor-widget-text-editor\" data-id=\"087176f\" data-element_type=\"widget\" data-e-type=\"widget\" data-widget_type=\"text-editor.default\">\n\t\t\t\t<div class=\"elementor-widget-container\">\n\t\t\t\t\t\t\t\t\t<div class=\"elementor-element elementor-element-f91791f ob-harakiri-inherit ob-has-background-overlay elementor-widget elementor-widget-text-editor ob-harakiri\" data-id=\"f91791f\" data-element_type=\"widget\" data-settings=\"{&quot;_ob_use_harakiri&quot;:&quot;yes&quot;,&quot;_ob_harakiri_writing_mode&quot;:&quot;inherit&quot;,&quot;_ob_postman_use&quot;:&quot;no&quot;,&quot;_ob_widget_stalker_use&quot;:&quot;no&quot;,&quot;_ob_poopart_use&quot;:&quot;yes&quot;,&quot;_ob_shadough_use&quot;:&quot;no&quot;,&quot;_ob_allow_hoveranimator&quot;:&quot;no&quot;}\" data-widget_type=\"text-editor.default\"><div class=\"elementor-widget-container\"><h3 style=\"text-align: left;\"><span style=\"color: #0a5d92;\">Okienko podawcze CAM<\/span><\/h3><\/div><\/div>\t\t\t\t\t\t\t\t<\/div>\n\t\t\t\t<\/div>\n\t\t\t\t<div class=\"elementor-element elementor-element-5232d5e elementor-widget elementor-widget-text-editor\" data-id=\"5232d5e\" data-element_type=\"widget\" data-e-type=\"widget\" data-widget_type=\"text-editor.default\">\n\t\t\t\t<div class=\"elementor-widget-container\">\n\t\t\t\t\t\t\t\t\t<p>Kolejn\u0105 korzy\u015bci\u0105 p\u0142yn\u0105c\u0105 z projektu jest integracja organizacji pozarz\u0105dowych dzia\u0142aj\u0105cych na rzecz polskich przedsi\u0119biorc\u00f3w. Chodzieski Klub Gospodarczy 12 lutego br. w Pile podczas konferencji lokalnej, podpisa\u0142 porozumienie z WIPH oraz organizacjami tj. Izb\u0105 Gospodarcz\u0105 P\u00f3\u0142nocnej Wielkopolski, Izb\u0105 Przemys\u0142owo-Handlow\u0105 Po\u0142udniowej Wielkopolski, Pracodawcami RP-Wielkopolska, Wielkopolsk\u0105 Izb\u0105 Budownictwa, Wielkopolsk\u0105 Izb\u0105 Rolnicz\u0105, Wielkopolsk\u0105 Izb\u0105 Rzemie\u015blnicz\u0105, Wielkopolskim Zrzeszeniem Handlu i Us\u0142ug oraz wieloma innymi.<\/p><p><b>Z ramienia Chodzieskiego Klubu Gospodarczego porozumienie podpisa\u0142 Prezes Roman Pietruszka, a Wielkopolsk\u0105 Izb\u0119 Przemys\u0142owo-Handlow\u0105 reprezentowa\u0142 Prezydent Wojciech Kruk. Na mocy zawartego porozumienia w Chodzieskim Klubie Gospodarczym zostanie utworzone okienko podawcze CAM.<\/b><\/p>\t\t\t\t\t\t\t\t<\/div>\n\t\t\t\t<\/div>\n\t\t\t\t<div class=\"elementor-element elementor-element-7f52b04 elementor-hidden-mobile elementor-widget elementor-widget-spacer\" data-id=\"7f52b04\" data-element_type=\"widget\" data-e-type=\"widget\" data-widget_type=\"spacer.default\">\n\t\t\t\t<div class=\"elementor-widget-container\">\n\t\t\t\t\t\t\t<div class=\"elementor-spacer\">\n\t\t\t<div class=\"elementor-spacer-inner\"><\/div>\n\t\t<\/div>\n\t\t\t\t\t\t<\/div>\n\t\t\t\t<\/div>\n\t\t\t\t\t<\/div>\n\t\t<\/div>\n\t\t\t\t\t<\/div>\n\t\t<\/section>\n\t\t\t\t<section class=\"elementor-section elementor-top-section elementor-element elementor-element-ff4fed0 elementor-section-full_width elementor-section-height-default elementor-section-height-default\" data-id=\"ff4fed0\" data-element_type=\"section\" data-e-type=\"section\">\n\t\t\t\t\t\t<div class=\"elementor-container elementor-column-gap-no\">\n\t\t\t\t\t<div class=\"elementor-column elementor-col-100 elementor-top-column elementor-element elementor-element-f1dce96\" data-id=\"f1dce96\" data-element_type=\"column\" data-e-type=\"column\">\n\t\t\t<div class=\"elementor-widget-wrap elementor-element-populated\">\n\t\t\t\t\t\t<div class=\"elementor-element elementor-element-fdc0d9e elementor-widget elementor-widget-spacer\" data-id=\"fdc0d9e\" data-element_type=\"widget\" data-e-type=\"widget\" data-widget_type=\"spacer.default\">\n\t\t\t\t<div class=\"elementor-widget-container\">\n\t\t\t\t\t\t\t<div class=\"elementor-spacer\">\n\t\t\t<div class=\"elementor-spacer-inner\"><\/div>\n\t\t<\/div>\n\t\t\t\t\t\t<\/div>\n\t\t\t\t<\/div>\n\t\t\t\t<div class=\"elementor-element elementor-element-18f74e2 elementor-widget elementor-widget-heading\" data-id=\"18f74e2\" data-element_type=\"widget\" data-e-type=\"widget\" data-widget_type=\"heading.default\">\n\t\t\t\t<div class=\"elementor-widget-container\">\n\t\t\t\t\t<h2 class=\"elementor-heading-title elementor-size-default\">Korzy\u015bci<\/h2>\t\t\t\t<\/div>\n\t\t\t\t<\/div>\n\t\t\t\t<div class=\"elementor-element elementor-element-ca573a5 elementor-widget elementor-widget-text-editor\" data-id=\"ca573a5\" data-element_type=\"widget\" data-e-type=\"widget\" data-widget_type=\"text-editor.default\">\n\t\t\t\t<div class=\"elementor-widget-container\">\n\t\t\t\t\t\t\t\t\t<div class=\"elementor-element elementor-element-f91791f ob-harakiri-inherit ob-has-background-overlay elementor-widget elementor-widget-text-editor ob-harakiri\" data-id=\"f91791f\" data-element_type=\"widget\" data-settings=\"{&quot;_ob_use_harakiri&quot;:&quot;yes&quot;,&quot;_ob_harakiri_writing_mode&quot;:&quot;inherit&quot;,&quot;_ob_postman_use&quot;:&quot;no&quot;,&quot;_ob_widget_stalker_use&quot;:&quot;no&quot;,&quot;_ob_poopart_use&quot;:&quot;yes&quot;,&quot;_ob_shadough_use&quot;:&quot;no&quot;,&quot;_ob_allow_hoveranimator&quot;:&quot;no&quot;}\" data-widget_type=\"text-editor.default\"><div class=\"elementor-widget-container\"><h3 style=\"text-align: left;\"><span style=\"color: #0a5d92;\">Z mediacji<\/span><\/h3><\/div><\/div>\t\t\t\t\t\t\t\t<\/div>\n\t\t\t\t<\/div>\n\t\t\t\t<div class=\"elementor-element elementor-element-828618a elementor-widget elementor-widget-text-editor\" data-id=\"828618a\" data-element_type=\"widget\" data-e-type=\"widget\" data-widget_type=\"text-editor.default\">\n\t\t\t\t<div class=\"elementor-widget-container\">\n\t\t\t\t\t\t\t\t\t<p><span style=\"color: #000000;\">Istot\u0105 arbitra\u017cu jest powierzenie przez strony sporu kompetencji do jego rozstrzygni\u0119cia osobie b\u0119d\u0105cej specjalist\u0105 w dziedzinie, kt\u00f3rej dotyczy konflikt. Strona powodowa wnosi pozew i wyznacza arbitra. (S\u0105d prowadzi \u201eList\u0119 Arbitr\u00f3w i Mediator\u00f3w S\u0105du Arbitra\u017cowego Izb i Organizacji Gospodarczych Wielkopolski\u201d.) Druga strona po otrzymaniu wezwania mianuje drugiego arbitra. Wyznaczeni przez strony arbitrzy mianuj\u0105 superarbitra. <strong>S\u0105d arbitra\u017cowy, rozpoznaj\u0105c spraw\u0119, mo\u017ce przeprowadzi\u0107 wszelkie dowody celem ustalenia stanu faktycznego. Po wydaniu wyroku s\u0105du arbitra\u017cowego strona, kt\u00f3ra chce wyegzekwowa\u0107 wyrok, zwraca si\u0119 o jego uznanie i wydanie klauzuli wykonalno\u015bci przez s\u0105d pa\u0144stwowy.<\/strong> Po otrzymaniu klauzuli wykonalno\u015bci strona kieruje wniosek egzekucyjny do komornika.<\/span><\/p><p><span style=\"color: #000000;\">Z kolei mediacj\u0119 prowadzi si\u0119 na podstawie umowy o mediacj\u0119 albo postanowienie s\u0105du kieruj\u0105cego strony do mediacji. Umowa mo\u017ce by\u0107 zawarta tak\u017ce przez wyra\u017cenie przez stron\u0119 zgody na mediacj\u0119, gdy druga strona z\u0142o\u017cy\u0142a wniosek o mediacj\u0119 skierowany do mediatora. <strong>Podstawow\u0105 cech\u0105 mediacji jest jej dobrowolno\u015b\u0107, co oznacza, i\u017c to strony wyra\u017caj\u0105 zgod\u0119 na przeprowadzenie post\u0119powania mediacyjnego, niezale\u017cnie od tego, w jaki spos\u00f3b zostanie ono wszcz\u0119te. Przez podpisanie ugody strony wyra\u017caj\u0105 zgod\u0119 na wyst\u0105pienie do s\u0105du z wnioskiem o jej zatwierdzenie.<\/strong> S\u0105d zatwierdza ugod\u0119 przez nadanie jej klauzuli wykonalno\u015bci (je\u017celi podlega ona wykonaniu w drodze egzekucji) lub wy\u0142\u0105cznie zatwierdza ugod\u0119 zawart\u0105 przed mediatorem. Wi\u0119cej szczeg\u00f3\u0142\u00f3w dost\u0119pnych na stronie\u00a0<a style=\"color: #000000;\" href=\"http:\/\/www.chkg.chodziez.pl\/%E2%80%9Dhttp:\/\/www.wiph.pl%E2%80%9D\"><b>www.wiph.pl<\/b><\/a>lub w siedzibie CHKG.<\/span><\/p>\t\t\t\t\t\t\t\t<\/div>\n\t\t\t\t<\/div>\n\t\t\t\t<div class=\"elementor-element elementor-element-10b0b2b elementor-hidden-mobile elementor-hidden-tablet elementor-widget elementor-widget-spacer\" data-id=\"10b0b2b\" data-element_type=\"widget\" data-e-type=\"widget\" data-widget_type=\"spacer.default\">\n\t\t\t\t<div class=\"elementor-widget-container\">\n\t\t\t\t\t\t\t<div class=\"elementor-spacer\">\n\t\t\t<div class=\"elementor-spacer-inner\"><\/div>\n\t\t<\/div>\n\t\t\t\t\t\t<\/div>\n\t\t\t\t<\/div>\n\t\t\t\t\t<\/div>\n\t\t<\/div>\n\t\t\t\t\t<\/div>\n\t\t<\/section>\n\t\t\t\t<section class=\"elementor-section elementor-top-section elementor-element elementor-element-3866d25 elementor-section-boxed elementor-section-height-default elementor-section-height-default\" data-id=\"3866d25\" data-element_type=\"section\" data-e-type=\"section\">\n\t\t\t\t\t\t<div class=\"elementor-container elementor-column-gap-default\">\n\t\t\t\t\t<div class=\"elementor-column elementor-col-33 elementor-top-column elementor-element elementor-element-cead246\" data-id=\"cead246\" data-element_type=\"column\" data-e-type=\"column\">\n\t\t\t<div class=\"elementor-widget-wrap elementor-element-populated\">\n\t\t\t\t\t\t<div class=\"elementor-element elementor-element-0b05c3a elementor-widget elementor-widget-image\" data-id=\"0b05c3a\" data-element_type=\"widget\" data-e-type=\"widget\" data-widget_type=\"image.default\">\n\t\t\t\t<div class=\"elementor-widget-container\">\n\t\t\t\t\t\t\t\t\t\t\t\t\t\t\t\t<a href=\"https:\/\/chkg.chodziez.pl\/wp-content\/uploads\/2024\/03\/post_med.doc\">\n\t\t\t\t\t\t\t<img fetchpriority=\"high\" decoding=\"async\" width=\"225\" height=\"225\" src=\"https:\/\/chkg.chodziez.pl\/wp-content\/uploads\/2024\/03\/images.png\" class=\"attachment-large size-large wp-image-5523\" alt=\"\" srcset=\"https:\/\/chkg.chodziez.pl\/wp-content\/uploads\/2024\/03\/images.png 225w, https:\/\/chkg.chodziez.pl\/wp-content\/uploads\/2024\/03\/images-150x150.png 150w, https:\/\/chkg.chodziez.pl\/wp-content\/uploads\/2024\/03\/images-200x200.png 200w, https:\/\/chkg.chodziez.pl\/wp-content\/uploads\/2024\/03\/images-100x100.png 100w\" sizes=\"(max-width: 225px) 100vw, 225px\" \/>\t\t\t\t\t\t\t\t<\/a>\n\t\t\t\t\t\t\t\t\t\t\t\t\t\t\t<\/div>\n\t\t\t\t<\/div>\n\t\t\t\t<div class=\"elementor-element elementor-element-fe124eb elementor-widget elementor-widget-text-editor\" data-id=\"fe124eb\" data-element_type=\"widget\" data-e-type=\"widget\" data-widget_type=\"text-editor.default\">\n\t\t\t\t<div class=\"elementor-widget-container\">\n\t\t\t\t\t\t\t\t\t<div><p style=\"text-align: center;\"><span style=\"color: #000000;\">Regulamin post\u0119powania mediacyjnego<\/span><\/p><\/div>\t\t\t\t\t\t\t\t<\/div>\n\t\t\t\t<\/div>\n\t\t\t\t\t<\/div>\n\t\t<\/div>\n\t\t\t\t<div class=\"elementor-column elementor-col-33 elementor-top-column elementor-element elementor-element-899cad3\" data-id=\"899cad3\" data-element_type=\"column\" data-e-type=\"column\">\n\t\t\t<div class=\"elementor-widget-wrap elementor-element-populated\">\n\t\t\t\t\t\t<div class=\"elementor-element elementor-element-3e3b463 elementor-widget elementor-widget-image\" data-id=\"3e3b463\" data-element_type=\"widget\" data-e-type=\"widget\" data-widget_type=\"image.default\">\n\t\t\t\t<div class=\"elementor-widget-container\">\n\t\t\t\t\t\t\t\t\t\t\t\t\t\t\t\t<a href=\"https:\/\/chkg.chodziez.pl\/wp-content\/uploads\/2024\/03\/reg_op.pdf\">\n\t\t\t\t\t\t\t<img fetchpriority=\"high\" decoding=\"async\" width=\"225\" height=\"225\" src=\"https:\/\/chkg.chodziez.pl\/wp-content\/uploads\/2024\/03\/images.png\" class=\"attachment-large size-large wp-image-5523\" alt=\"\" srcset=\"https:\/\/chkg.chodziez.pl\/wp-content\/uploads\/2024\/03\/images.png 225w, https:\/\/chkg.chodziez.pl\/wp-content\/uploads\/2024\/03\/images-150x150.png 150w, https:\/\/chkg.chodziez.pl\/wp-content\/uploads\/2024\/03\/images-200x200.png 200w, https:\/\/chkg.chodziez.pl\/wp-content\/uploads\/2024\/03\/images-100x100.png 100w\" sizes=\"(max-width: 225px) 100vw, 225px\" \/>\t\t\t\t\t\t\t\t<\/a>\n\t\t\t\t\t\t\t\t\t\t\t\t\t\t\t<\/div>\n\t\t\t\t<\/div>\n\t\t\t\t<div class=\"elementor-element elementor-element-069c1e7 elementor-widget elementor-widget-text-editor\" data-id=\"069c1e7\" data-element_type=\"widget\" data-e-type=\"widget\" data-widget_type=\"text-editor.default\">\n\t\t\t\t<div class=\"elementor-widget-container\">\n\t\t\t\t\t\t\t\t\t<p style=\"text-align: center;\"><span style=\"color: #000000;\">Regulamin op\u0142at<\/span><\/p>\t\t\t\t\t\t\t\t<\/div>\n\t\t\t\t<\/div>\n\t\t\t\t\t<\/div>\n\t\t<\/div>\n\t\t\t\t<div class=\"elementor-column elementor-col-33 elementor-top-column elementor-element elementor-element-8b32ac8\" data-id=\"8b32ac8\" data-element_type=\"column\" data-e-type=\"column\">\n\t\t\t<div class=\"elementor-widget-wrap elementor-element-populated\">\n\t\t\t\t\t\t<div class=\"elementor-element elementor-element-393525a elementor-widget elementor-widget-image\" data-id=\"393525a\" data-element_type=\"widget\" data-e-type=\"widget\" data-widget_type=\"image.default\">\n\t\t\t\t<div class=\"elementor-widget-container\">\n\t\t\t\t\t\t\t\t\t\t\t\t\t\t\t\t<a href=\"https:\/\/chkg.chodziez.pl\/wp-content\/uploads\/2024\/03\/reg_arb.doc\">\n\t\t\t\t\t\t\t<img fetchpriority=\"high\" decoding=\"async\" width=\"225\" height=\"225\" src=\"https:\/\/chkg.chodziez.pl\/wp-content\/uploads\/2024\/03\/images.png\" class=\"attachment-large size-large wp-image-5523\" alt=\"\" srcset=\"https:\/\/chkg.chodziez.pl\/wp-content\/uploads\/2024\/03\/images.png 225w, https:\/\/chkg.chodziez.pl\/wp-content\/uploads\/2024\/03\/images-150x150.png 150w, https:\/\/chkg.chodziez.pl\/wp-content\/uploads\/2024\/03\/images-200x200.png 200w, https:\/\/chkg.chodziez.pl\/wp-content\/uploads\/2024\/03\/images-100x100.png 100w\" sizes=\"(max-width: 225px) 100vw, 225px\" \/>\t\t\t\t\t\t\t\t<\/a>\n\t\t\t\t\t\t\t\t\t\t\t\t\t\t\t<\/div>\n\t\t\t\t<\/div>\n\t\t\t\t<div class=\"elementor-element elementor-element-e692d32 elementor-widget elementor-widget-text-editor\" data-id=\"e692d32\" data-element_type=\"widget\" data-e-type=\"widget\" data-widget_type=\"text-editor.default\">\n\t\t\t\t<div class=\"elementor-widget-container\">\n\t\t\t\t\t\t\t\t\t<p style=\"text-align: center;\"><span style=\"color: #000000;\">Regulamin \u015a\u0105du Arbitra\u017cowego<\/span><\/p>\t\t\t\t\t\t\t\t<\/div>\n\t\t\t\t<\/div>\n\t\t\t\t\t<\/div>\n\t\t<\/div>\n\t\t\t\t\t<\/div>\n\t\t<\/section>\n\t\t\t\t<\/div>\n\t\t","protected":false},"excerpt":{"rendered":"<p>Centrum Arbitra\u017cu i Mediacji Informacje Og\u00f3lne Arbitra\u017c lub mediacja zamiast s\u0105du! Okienko podawcze CAM w siedzibie Chodzieskiego Klubu Gospodarczego! Wielkopolska Izba Przemys\u0142owo-Handlowa, nawi\u0105zuj\u0105c do wieloletnich tradycji arbitra\u017cu w naszym regionie, wraz z regionalnymi partnerami, podpisa\u0142a akt utworzenia Wielkopolskiego Centrum Arbitra\u017cu i Mediacji w Poznaniu. Jest to jeden z sze\u015bciu w Polsce. Organizacja CAM oraz promocja [&hellip;]<\/p>\n","protected":false},"author":31,"featured_media":0,"parent":0,"menu_order":0,"comment_status":"closed","ping_status":"closed","template":"","meta":{"footnotes":""},"class_list":["post-5661","page","type-page","status-publish","hentry"],"_links":{"self":[{"href":"https:\/\/chkg.chodziez.pl\/de\/wp-json\/wp\/v2\/pages\/5661","targetHints":{"allow":["GET"]}}],"collection":[{"href":"https:\/\/chkg.chodziez.pl\/de\/wp-json\/wp\/v2\/pages"}],"about":[{"href":"https:\/\/chkg.chodziez.pl\/de\/wp-json\/wp\/v2\/types\/page"}],"author":[{"embeddable":true,"href":"https:\/\/chkg.chodziez.pl\/de\/wp-json\/wp\/v2\/users\/31"}],"replies":[{"embeddable":true,"href":"https:\/\/chkg.chodziez.pl\/de\/wp-json\/wp\/v2\/comments?post=5661"}],"version-history":[{"count":23,"href":"https:\/\/chkg.chodziez.pl\/de\/wp-json\/wp\/v2\/pages\/5661\/revisions"}],"predecessor-version":[{"id":5938,"href":"https:\/\/chkg.chodziez.pl\/de\/wp-json\/wp\/v2\/pages\/5661\/revisions\/5938"}],"wp:attachment":[{"href":"https:\/\/chkg.chodziez.pl\/de\/wp-json\/wp\/v2\/media?parent=5661"}],"curies":[{"name":"wp","href":"https:\/\/api.w.org\/{rel}","templated":true}]}}