{"id":6617,"date":"2025-07-14T10:36:52","date_gmt":"2025-07-14T08:36:52","guid":{"rendered":"https:\/\/chkg.chodziez.pl\/?page_id=6617"},"modified":"2025-09-16T12:08:06","modified_gmt":"2025-09-16T10:08:06","slug":"contact-2","status":"publish","type":"page","link":"https:\/\/chkg.chodziez.pl\/de\/contact-2\/","title":{"rendered":"Projekt EFS"},"content":{"rendered":"\t\t<div data-elementor-type=\"wp-page\" data-elementor-id=\"6617\" class=\"elementor elementor-6617\" data-elementor-post-type=\"page\">\n\t\t\t\t\t\t<section class=\"elementor-section elementor-top-section elementor-element elementor-element-cf1a2e7 elementor-section-boxed elementor-section-height-default elementor-section-height-default\" data-id=\"cf1a2e7\" data-element_type=\"section\" data-e-type=\"section\">\n\t\t\t\t\t\t<div class=\"elementor-container elementor-column-gap-default\">\n\t\t\t\t\t<div class=\"elementor-column elementor-col-100 elementor-top-column elementor-element elementor-element-f0ac7bf\" data-id=\"f0ac7bf\" data-element_type=\"column\" data-e-type=\"column\">\n\t\t\t<div class=\"elementor-widget-wrap elementor-element-populated\">\n\t\t\t\t\t\t<section class=\"elementor-section elementor-inner-section elementor-element elementor-element-788e748 elementor-section-boxed elementor-section-height-default elementor-section-height-default\" data-id=\"788e748\" data-element_type=\"section\" data-e-type=\"section\">\n\t\t\t\t\t\t<div class=\"elementor-container elementor-column-gap-default\">\n\t\t\t\t\t<div class=\"elementor-column elementor-col-33 elementor-inner-column elementor-element elementor-element-1157a73\" data-id=\"1157a73\" data-element_type=\"column\" data-e-type=\"column\">\n\t\t\t<div class=\"elementor-widget-wrap\">\n\t\t\t\t\t\t\t<\/div>\n\t\t<\/div>\n\t\t\t\t<div class=\"elementor-column elementor-col-33 elementor-inner-column elementor-element elementor-element-6689141\" data-id=\"6689141\" data-element_type=\"column\" data-e-type=\"column\">\n\t\t\t<div class=\"elementor-widget-wrap elementor-element-populated\">\n\t\t\t\t\t\t<div class=\"elementor-element elementor-element-5cbff62 elementor-widget elementor-widget-spacer\" data-id=\"5cbff62\" data-element_type=\"widget\" data-e-type=\"widget\" data-widget_type=\"spacer.default\">\n\t\t\t\t<div class=\"elementor-widget-container\">\n\t\t\t\t\t\t\t<div class=\"elementor-spacer\">\n\t\t\t<div class=\"elementor-spacer-inner\"><\/div>\n\t\t<\/div>\n\t\t\t\t\t\t<\/div>\n\t\t\t\t<\/div>\n\t\t\t\t\t<\/div>\n\t\t<\/div>\n\t\t\t\t<div class=\"elementor-column elementor-col-33 elementor-inner-column elementor-element elementor-element-ae1af88\" data-id=\"ae1af88\" data-element_type=\"column\" data-e-type=\"column\">\n\t\t\t<div class=\"elementor-widget-wrap\">\n\t\t\t\t\t\t\t<\/div>\n\t\t<\/div>\n\t\t\t\t\t<\/div>\n\t\t<\/section>\n\t\t\t\t\t<\/div>\n\t\t<\/div>\n\t\t\t\t\t<\/div>\n\t\t<\/section>\n\t\t\t\t<section class=\"elementor-section elementor-top-section elementor-element elementor-element-5ebea8b elementor-section-boxed elementor-section-height-default elementor-section-height-default\" data-id=\"5ebea8b\" data-element_type=\"section\" data-e-type=\"section\">\n\t\t\t\t\t\t<div class=\"elementor-container elementor-column-gap-default\">\n\t\t\t\t\t<div class=\"elementor-column elementor-col-100 elementor-top-column elementor-element elementor-element-a7ec199\" data-id=\"a7ec199\" data-element_type=\"column\" data-e-type=\"column\">\n\t\t\t<div class=\"elementor-widget-wrap elementor-element-populated\">\n\t\t\t\t\t\t<div class=\"elementor-element elementor-element-33ad36f elementor-widget elementor-widget-html\" data-id=\"33ad36f\" data-element_type=\"widget\" data-e-type=\"widget\" data-widget_type=\"html.default\">\n\t\t\t\t<div class=\"elementor-widget-container\">\n\t\t\t\t\t<!DOCTYPE html>\r\n<html lang=\"pl\">\r\n<head>\r\n    <meta charset=\"UTF-8\">\r\n    <meta name=\"viewport\" content=\"width=device-width, initial-scale=1.0\">\r\n    <title>Centrum Aktywno\u015bci Seniora w Chodzie\u017cy<\/title>\r\n    <style>\r\n        .project-container {\r\n            max-width: 100%;\r\n            margin: 0;\r\n            padding: 0;\r\n            font-family: 'Segoe UI', Tahoma, Geneva, Verdana, sans-serif;\r\n            line-height: 1.6;\r\n            color: #333;\r\n            background: transparent;\r\n            box-sizing: border-box;\r\n        }\r\n\r\n        .project-container * {\r\n            box-sizing: border-box;\r\n        }\r\n\r\n        .project-header {\r\n            text-align: center;\r\n            margin-bottom: 30px;\r\n        }\r\n\r\n        .project-header img {\r\n            width: 100%;\r\n            max-width: 100%;\r\n            height: auto;\r\n            margin-bottom: 15px;\r\n            object-fit: cover;\r\n        }\r\n\r\n        .project-header h1 {\r\n            color: #2c3e50;\r\n            font-size: 2.2em;\r\n            margin: 0 0 10px 0;\r\n            font-weight: 600;\r\n        }\r\n\r\n        .project-subtitle {\r\n            color: #666;\r\n            font-size: 1.1em;\r\n            font-weight: 300;\r\n            margin: 0;\r\n        }\r\n\r\n        .project-section {\r\n            margin-bottom: 25px;\r\n        }\r\n\r\n        .project-section h2 {\r\n            color: #2c3e50;\r\n            font-size: 1.5em;\r\n            margin: 0 0 15px 0;\r\n            font-weight: 600;\r\n            border-bottom: 2px solid #3498db;\r\n            padding-bottom: 8px;\r\n        }\r\n\r\n        .project-section p {\r\n            color: #555;\r\n            line-height: 1.7;\r\n            margin: 0 0 15px 0;\r\n        }\r\n\r\n        .project-highlight {\r\n            background: #e3f2fd;\r\n            border-left: 4px solid #2196f3;\r\n            padding: 15px;\r\n            margin: 15px 0;\r\n        }\r\n\r\n        .project-date {\r\n            background: #f3e5f5;\r\n            border-left: 4px solid #9c27b0;\r\n            padding: 15px;\r\n            margin: 15px 0;\r\n        }\r\n\r\n        .project-target {\r\n            background: #e8f5e8;\r\n            border-left: 4px solid #4caf50;\r\n            padding: 15px;\r\n            margin: 15px 0;\r\n        }\r\n\r\n        .project-support-grid {\r\n            display: grid;\r\n            grid-template-columns: repeat(auto-fit, minmax(280px, 1fr));\r\n            gap: 15px;\r\n            margin-top: 20px;\r\n        }\r\n\r\n        .project-support-item {\r\n            background: #f8f9fa;\r\n            border: 1px solid #e9ecef;\r\n            padding: 20px;\r\n            transition: all 0.3s ease;\r\n        }\r\n\r\n        .project-support-item:hover {\r\n            transform: translateY(-2px);\r\n            box-shadow: 0 4px 12px rgba(0, 0, 0, 0.15);\r\n        }\r\n\r\n        .project-support-item h3 {\r\n            color: #2c3e50;\r\n            font-size: 1.1em;\r\n            margin: 0 0 8px 0;\r\n            font-weight: 600;\r\n            display: flex;\r\n            align-items: center;\r\n        }\r\n\r\n        .project-support-item h3::before {\r\n            content: \"\u2022\";\r\n            color: #3498db;\r\n            margin-right: 8px;\r\n            font-size: 1.5em;\r\n        }\r\n\r\n        .project-support-item p {\r\n            color: #666;\r\n            font-size: 0.95em;\r\n            margin: 0;\r\n        }\r\n\r\n        .project-footer {\r\n            text-align: center;\r\n            margin-top: 30px;\r\n        }\r\n\r\n        .project-footer h2 {\r\n            color: #2c3e50;\r\n            font-size: 1.4em;\r\n            margin: 0 0 8px 0;\r\n            font-weight: 600;\r\n        }\r\n\r\n        .project-footer p {\r\n            color: #666;\r\n            font-size: 1em;\r\n            margin: 0;\r\n        }\r\n\r\n        .project-title {\r\n            font-weight: 600;\r\n            color: #2c3e50;\r\n        }\r\n\r\n        .project-partnership {\r\n            color: #9c27b0;\r\n            font-weight: 500;\r\n        }\r\n\r\n        .project-numbers {\r\n            color: #4caf50;\r\n            font-weight: 600;\r\n        }\r\n\r\n        @media (max-width: 768px) {\r\n            .project-header h1 {\r\n                font-size: 1.8em;\r\n            }\r\n            \r\n            .project-support-grid {\r\n                grid-template-columns: 1fr;\r\n            }\r\n        }\r\n    <\/style>\r\n<\/head>\r\n<body>\r\n    <div class=\"project-container\">\r\n        <div class=\"project-header\">\r\n            <img decoding=\"async\" src=\"https:\/\/chkg.chodziez.pl\/wp-content\/uploads\/2025\/07\/unnamed.png\" alt=\"Chodzieski Klub Gospodarczy\">\r\n            <h1>Centrum Aktywno\u015bci Seniora w Chodzie\u017cy<\/h1>\r\n            <p class=\"project-subtitle\">Projekt aktywizacji i wspierania czasu wolnego dla os\u00f3b 60+<\/p>\r\n        <\/div>\r\n\r\n        <div class=\"project-section\">\r\n            <h2>O Projekcie<\/h2>\r\n            <p>\r\n                Chodzieski Klub Gospodarczy zakwalifikowa\u0142 si\u0119 do dofinansowania na realizacj\u0119 projektu pt.: \r\n                <span class=\"project-title\">\"Aktywizacja i wspieranie czasu wolnego dla os\u00f3b w wieku 60 lat lub wi\u0119cej w ramach Centrum Aktywno\u015bci Seniora w Chodzie\u017cy\"<\/span>\r\n            <\/p>\r\n            <p>\r\n                Projekt jest realizowany w ramach Priorytetu 9. Rozw\u00f3j lokalny kierowany przez spo\u0142eczno\u015b\u0107 (EFS+) \r\n                Dzia\u0142ania 9.6 Aktywizacja spo\u0142eczna os\u00f3b najbardziej zagro\u017conych wykluczeniem spo\u0142ecznym, \r\n                budowanie lokalnego potencja\u0142u spo\u0142ecze\u0144stwa obywatelskiego.\r\n            <\/p>\r\n            <div class=\"project-highlight\">\r\n                <p><span class=\"project-partnership\">Projekt realizowany w partnerstwie z Uniwersytetem Trzeciego Wieku<\/span><\/p>\r\n            <\/div>\r\n        <\/div>\r\n\r\n        <div class=\"project-section\">\r\n            <h2>Cel Projektu<\/h2>\r\n            <div class=\"project-date\">\r\n                <p><strong>Okres realizacji: 1.10.2025 r. - 31.03.2026 r.<\/strong><\/p>\r\n            <\/div>\r\n            <p>\r\n                G\u0142\u00f3wnym celem projektu jest podniesienie poziomu integracji spo\u0142ecznej <span class=\"project-numbers\">30 os\u00f3b starszych (20 kobiet, 10 m\u0119\u017cczyzn)<\/span> \r\n                w wieku 60 lat lub wi\u0119cej, pracuj\u0105cych\/zamieszkuj\u0105cych na obszarze gmin: miejskiej Chodzie\u017c, \r\n                wiejskiej Chodzie\u017c w woj. wielkopolskim.\r\n            <\/p>\r\n            <p>\r\n                Cel zostanie osi\u0105gni\u0119ty poprzez obj\u0119cie uczestnik\u00f3w kompleksowym wsparciem pozwalaj\u0105cym na \r\n                przeciwdzia\u0142anie wykluczeniu spo\u0142ecznemu oraz budowaniu potencja\u0142u spo\u0142ecze\u0144stwa obywatelskiego \r\n                poprzez funkcjonowanie Centrum Aktywno\u015bci Seniora w Chodzie\u017cy.\r\n            <\/p>\r\n        <\/div>\r\n\r\n        <div class=\"project-section\">\r\n            <h2>Grupa Docelowa<\/h2>\r\n            <div class=\"project-target\">\r\n                <p>\r\n                    <span class=\"project-numbers\">30 os\u00f3b w wieku 60 lat lub wi\u0119cej<\/span>, pracuj\u0105cych\/zamieszkuj\u0105cych \r\n                    na obszarze gmin: miejskiej Chodzie\u017c, wiejskiej Chodzie\u017c w wojew\u00f3dztwie wielkopolskim \r\n                    (obszar Lokalnej Strategii Rozwoju na lata 2023-2027).\r\n                <\/p>\r\n            <\/div>\r\n        <\/div>\r\n\r\n        <div class=\"project-section\">\r\n            <h2>Formy Wsparcia<\/h2>\r\n            <p>Uczestnicy projektu b\u0119d\u0105 mogli skorzysta\u0107 z nast\u0119puj\u0105cych form wsparcia:<\/p>\r\n            <div class=\"project-support-grid\">\r\n                <div class=\"project-support-item\">\r\n                    <h3>Warsztaty z psychologiem<\/h3>\r\n                    <p>Profesjonalne wsparcie psychologiczne dla wszystkich uczestnik\u00f3w<\/p>\r\n                <\/div>\r\n                <div class=\"project-support-item\">\r\n                    <h3>Warsztaty coachingowe<\/h3>\r\n                    <p>Rozwijanie umiej\u0119tno\u015bci osobistych i motywacji<\/p>\r\n                <\/div>\r\n                <div class=\"project-support-item\">\r\n                    <h3>Warsztaty taneczne<\/h3>\r\n                    <p>Aktywno\u015b\u0107 fizyczna po\u0142\u0105czona z przyjemno\u015bci\u0105<\/p>\r\n                <\/div>\r\n                <div class=\"project-support-item\">\r\n                    <h3>Warsztaty ceramiczne<\/h3>\r\n                    <p>Rozwijanie kreatywno\u015bci i umiej\u0119tno\u015bci artystycznych<\/p>\r\n                <\/div>\r\n                <div class=\"project-support-item\">\r\n                    <h3>Warsztaty florystyczne<\/h3>\r\n                    <p>Tworzenie pi\u0119knych kompozycji kwiatowych<\/p>\r\n                <\/div>\r\n                <div class=\"project-support-item\">\r\n                    <h3>Warsztaty teleinformatyczne<\/h3>\r\n                    <p>Nauka obs\u0142ugi nowoczesnych technologii<\/p>\r\n                <\/div>\r\n                <div class=\"project-support-item\">\r\n                    <h3>\u0106wiczenia ruchowe<\/h3>\r\n                    <p>Aktywna integracja poprzez zaj\u0119cia sportowe<\/p>\r\n                <\/div>\r\n                <div class=\"project-support-item\">\r\n                    <h3>Wyjazdy edukacyjno-integracyjne<\/h3>\r\n                    <p>Wsp\u00f3lne podr\u00f3\u017ce \u0142\u0105cz\u0105ce nauk\u0119 z integracj\u0105<\/p>\r\n                <\/div>\r\n            <\/div>\r\n        <\/div>\r\n\r\n        <div class=\"project-footer\">\r\n            <h2>Wi\u0119cej informacji wkr\u00f3tce!<\/h2>\r\n            <p>\u015aled\u017a nasze og\u0142oszenia, aby by\u0107 na bie\u017c\u0105co z rozpocz\u0119ciem projektu<\/p>\r\n        <\/div>\r\n    <\/div>\r\n<\/body>\r\n<\/html>\t\t\t\t<\/div>\n\t\t\t\t<\/div>\n\t\t\t\t\t<\/div>\n\t\t<\/div>\n\t\t\t\t\t<\/div>\n\t\t<\/section>\n\t\t\t\t<section class=\"elementor-section elementor-top-section elementor-element elementor-element-7fee218 elementor-section-boxed elementor-section-height-default elementor-section-height-default\" data-id=\"7fee218\" data-element_type=\"section\" data-e-type=\"section\">\n\t\t\t\t\t\t<div class=\"elementor-container elementor-column-gap-default\">\n\t\t\t\t\t<div class=\"elementor-column elementor-col-100 elementor-top-column elementor-element elementor-element-51e22f5\" data-id=\"51e22f5\" data-element_type=\"column\" data-e-type=\"column\">\n\t\t\t<div class=\"elementor-widget-wrap elementor-element-populated\">\n\t\t\t\t\t\t<div class=\"elementor-element elementor-element-d06fad1 elementor-widget__width-initial elementor-widget elementor-widget-image\" data-id=\"d06fad1\" data-element_type=\"widget\" data-e-type=\"widget\" data-widget_type=\"image.default\">\n\t\t\t\t<div class=\"elementor-widget-container\">\n\t\t\t\t\t\t\t\t\t\t\t\t\t\t\t<img fetchpriority=\"high\" decoding=\"async\" width=\"724\" height=\"1024\" src=\"https:\/\/chkg.chodziez.pl\/wp-content\/uploads\/2025\/09\/Blue-White-Illustrative-Meet-and-Greet-Flyer-2-1-724x1024.png\" class=\"attachment-large size-large wp-image-6631\" alt=\"\" srcset=\"https:\/\/chkg.chodziez.pl\/wp-content\/uploads\/2025\/09\/Blue-White-Illustrative-Meet-and-Greet-Flyer-2-1-724x1024.png 724w, https:\/\/chkg.chodziez.pl\/wp-content\/uploads\/2025\/09\/Blue-White-Illustrative-Meet-and-Greet-Flyer-2-1-212x300.png 212w, https:\/\/chkg.chodziez.pl\/wp-content\/uploads\/2025\/09\/Blue-White-Illustrative-Meet-and-Greet-Flyer-2-1-768x1086.png 768w, https:\/\/chkg.chodziez.pl\/wp-content\/uploads\/2025\/09\/Blue-White-Illustrative-Meet-and-Greet-Flyer-2-1-1086x1536.png 1086w, https:\/\/chkg.chodziez.pl\/wp-content\/uploads\/2025\/09\/Blue-White-Illustrative-Meet-and-Greet-Flyer-2-1-417x590.png 417w, https:\/\/chkg.chodziez.pl\/wp-content\/uploads\/2025\/09\/Blue-White-Illustrative-Meet-and-Greet-Flyer-2-1-474x670.png 474w, https:\/\/chkg.chodziez.pl\/wp-content\/uploads\/2025\/09\/Blue-White-Illustrative-Meet-and-Greet-Flyer-2-1-577x816.png 577w, https:\/\/chkg.chodziez.pl\/wp-content\/uploads\/2025\/09\/Blue-White-Illustrative-Meet-and-Greet-Flyer-2-1-1200x1697.png 1200w, https:\/\/chkg.chodziez.pl\/wp-content\/uploads\/2025\/09\/Blue-White-Illustrative-Meet-and-Greet-Flyer-2-1.png 1414w\" sizes=\"(max-width: 724px) 100vw, 724px\" \/>\t\t\t\t\t\t\t\t\t\t\t\t\t\t\t<\/div>\n\t\t\t\t<\/div>\n\t\t\t\t\t<\/div>\n\t\t<\/div>\n\t\t\t\t\t<\/div>\n\t\t<\/section>\n\t\t\t\t<section class=\"elementor-section elementor-top-section elementor-element elementor-element-d55da4d elementor-section-boxed elementor-section-height-default elementor-section-height-default\" data-id=\"d55da4d\" data-element_type=\"section\" data-e-type=\"section\">\n\t\t\t\t\t\t<div class=\"elementor-container elementor-column-gap-default\">\n\t\t\t\t\t<div class=\"elementor-column elementor-col-100 elementor-top-column elementor-element elementor-element-6185a06\" data-id=\"6185a06\" data-element_type=\"column\" data-e-type=\"column\">\n\t\t\t<div class=\"elementor-widget-wrap elementor-element-populated\">\n\t\t\t\t\t\t<div class=\"elementor-element elementor-element-030c12b elementor-widget elementor-widget-text-editor\" data-id=\"030c12b\" data-element_type=\"widget\" data-e-type=\"widget\" data-widget_type=\"text-editor.default\">\n\t\t\t\t<div class=\"elementor-widget-container\">\n\t\t\t\t\t\t\t\t\t<p class=\"MsoNormal\" style=\"text-align: center; line-height: 82%; mso-pagination: none; border: none; mso-padding-alt: 31.0pt 31.0pt 31.0pt 31.0pt; mso-border-shadow: yes;\" align=\"center\"><span style=\"font-size: 9.0pt; line-height: 82%; font-family: 'Times New Roman',serif; color: black;\">Projekt jest wsp\u00f3\u0142finansowany ze \u015brodk\u00f3w Europejskiego Funduszu Spo\u0142ecznego Plus <\/span><span style=\"font-size: 9.0pt; line-height: 82%; font-family: 'Times New Roman',serif; color: black;\">w ramach Programu Fundusze Europejskie dla Wielkopolski 2021-2027<\/span><\/p>\t\t\t\t\t\t\t\t<\/div>\n\t\t\t\t<\/div>\n\t\t\t\t\t<\/div>\n\t\t<\/div>\n\t\t\t\t\t<\/div>\n\t\t<\/section>\n\t\t\t\t<section class=\"elementor-section elementor-top-section elementor-element elementor-element-aec01bb elementor-section-boxed elementor-section-height-default elementor-section-height-default\" data-id=\"aec01bb\" data-element_type=\"section\" data-e-type=\"section\">\n\t\t\t\t\t\t<div class=\"elementor-container elementor-column-gap-default\">\n\t\t\t\t\t<div class=\"elementor-column elementor-col-100 elementor-top-column elementor-element elementor-element-fa54494\" data-id=\"fa54494\" data-element_type=\"column\" data-e-type=\"column\">\n\t\t\t<div class=\"elementor-widget-wrap\">\n\t\t\t\t\t\t\t<\/div>\n\t\t<\/div>\n\t\t\t\t\t<\/div>\n\t\t<\/section>\n\t\t\t\t<section class=\"elementor-section elementor-top-section elementor-element elementor-element-eec67d4 elementor-section-boxed elementor-section-height-default elementor-section-height-default\" data-id=\"eec67d4\" data-element_type=\"section\" data-e-type=\"section\">\n\t\t\t\t\t\t<div class=\"elementor-container elementor-column-gap-default\">\n\t\t\t\t\t<div class=\"elementor-column elementor-col-100 elementor-top-column elementor-element elementor-element-a1cc169\" data-id=\"a1cc169\" data-element_type=\"column\" data-e-type=\"column\">\n\t\t\t<div class=\"elementor-widget-wrap elementor-element-populated\">\n\t\t\t\t\t\t<section class=\"elementor-section elementor-inner-section elementor-element elementor-element-9fa0a57 elementor-section-boxed elementor-section-height-default elementor-section-height-default\" data-id=\"9fa0a57\" data-element_type=\"section\" data-e-type=\"section\">\n\t\t\t\t\t\t<div class=\"elementor-container elementor-column-gap-default\">\n\t\t\t\t\t<div class=\"elementor-column elementor-col-50 elementor-inner-column elementor-element elementor-element-9d4b5b0\" data-id=\"9d4b5b0\" data-element_type=\"column\" data-e-type=\"column\">\n\t\t\t<div class=\"elementor-widget-wrap elementor-element-populated\">\n\t\t\t\t\t\t<div class=\"elementor-element elementor-element-a0cd46e elementor-widget elementor-widget-text-editor\" data-id=\"a0cd46e\" data-element_type=\"widget\" data-e-type=\"widget\" data-widget_type=\"text-editor.default\">\n\t\t\t\t<div class=\"elementor-widget-container\">\n\t\t\t\t\t\t\t\t\t<div class=\"wp-block-file\"><a id=\"wp-block-file--media-e727adad-a2b8-4ccf-b9e8-ff97a0c815a0\" href=\"https:\/\/chkg.chodziez.pl\/wp-content\/uploads\/2025\/09\/Regulamin-projektu-po-poprawkach.docx\">Regulamin projektu <\/a><a class=\"wp-block-file__button wp-element-button\" href=\"https:\/\/chkg.chodziez.pl\/wp-content\/uploads\/2025\/09\/Regulamin-projektu-po-poprawkach.docx\" download=\"\" aria-describedby=\"wp-block-file--media-e727adad-a2b8-4ccf-b9e8-ff97a0c815a0\">Pobierz<\/a><\/div>\n<p><!-- \/wp:file --><!-- wp:file {\"id\":6648,\"href\":\"https:\/\/chkg.chodziez.pl\/wp-content\/uploads\/2025\/09\/Zal.Formularz-rekrutacyjny-uczestnika-projektu-po-poprawkach.docx\"} --><\/p>\n<div class=\"wp-block-file\"><a id=\"wp-block-file--media-47cacb8b-3afd-4e73-b7c0-18760b904b97\" href=\"https:\/\/chkg.chodziez.pl\/wp-content\/uploads\/2025\/09\/Zal.Formularz-rekrutacyjny-uczestnika-projektu-po-poprawkach.docx\">Za\u0142.Formularz rekrutacyjny uczestnika projektu <\/a><a class=\"wp-block-file__button wp-element-button\" href=\"https:\/\/chkg.chodziez.pl\/wp-content\/uploads\/2025\/09\/Zal.Formularz-rekrutacyjny-uczestnika-projektu-po-poprawkach.docx\" download=\"\" aria-describedby=\"wp-block-file--media-47cacb8b-3afd-4e73-b7c0-18760b904b97\">Pobierz<\/a><\/div>\n<p><!-- \/wp:file --><!-- wp:paragraph --><\/p>\n<p>\u00a0<\/p>\t\t\t\t\t\t\t\t<\/div>\n\t\t\t\t<\/div>\n\t\t\t\t\t<\/div>\n\t\t<\/div>\n\t\t\t\t<div class=\"elementor-column elementor-col-50 elementor-inner-column elementor-element elementor-element-abaefc6\" data-id=\"abaefc6\" data-element_type=\"column\" data-e-type=\"column\">\n\t\t\t<div class=\"elementor-widget-wrap\">\n\t\t\t\t\t\t\t<\/div>\n\t\t<\/div>\n\t\t\t\t\t<\/div>\n\t\t<\/section>\n\t\t\t\t\t<\/div>\n\t\t<\/div>\n\t\t\t\t\t<\/div>\n\t\t<\/section>\n\t\t\t\t<\/div>\n\t\t","protected":false},"excerpt":{"rendered":"<p>Centrum Aktywno\u015bci Seniora w Chodzie\u017cy Centrum Aktywno\u015bci Seniora w Chodzie\u017cy Projekt aktywizacji i wspierania czasu wolnego dla os\u00f3b 60+ O Projekcie Chodzieski Klub Gospodarczy zakwalifikowa\u0142 si\u0119 do dofinansowania na realizacj\u0119 projektu pt.: &#8222;Aktywizacja i wspieranie czasu wolnego dla os\u00f3b w wieku 60 lat lub wi\u0119cej w ramach Centrum Aktywno\u015bci Seniora w Chodzie\u017cy&#8220; Projekt jest realizowany [&hellip;]<\/p>\n","protected":false},"author":31,"featured_media":0,"parent":0,"menu_order":0,"comment_status":"closed","ping_status":"closed","template":"","meta":{"footnotes":""},"class_list":["post-6617","page","type-page","status-publish","hentry"],"_links":{"self":[{"href":"https:\/\/chkg.chodziez.pl\/de\/wp-json\/wp\/v2\/pages\/6617","targetHints":{"allow":["GET"]}}],"collection":[{"href":"https:\/\/chkg.chodziez.pl\/de\/wp-json\/wp\/v2\/pages"}],"about":[{"href":"https:\/\/chkg.chodziez.pl\/de\/wp-json\/wp\/v2\/types\/page"}],"author":[{"embeddable":true,"href":"https:\/\/chkg.chodziez.pl\/de\/wp-json\/wp\/v2\/users\/31"}],"replies":[{"embeddable":true,"href":"https:\/\/chkg.chodziez.pl\/de\/wp-json\/wp\/v2\/comments?post=6617"}],"version-history":[{"count":17,"href":"https:\/\/chkg.chodziez.pl\/de\/wp-json\/wp\/v2\/pages\/6617\/revisions"}],"predecessor-version":[{"id":6663,"href":"https:\/\/chkg.chodziez.pl\/de\/wp-json\/wp\/v2\/pages\/6617\/revisions\/6663"}],"wp:attachment":[{"href":"https:\/\/chkg.chodziez.pl\/de\/wp-json\/wp\/v2\/media?parent=6617"}],"curies":[{"name":"wp","href":"https:\/\/api.w.org\/{rel}","templated":true}]}}