{"id":5546,"date":"2024-03-15T03:01:38","date_gmt":"2024-03-15T03:01:38","guid":{"rendered":"https:\/\/chkg.chodziez.pl\/?page_id=5546"},"modified":"2024-03-15T11:29:19","modified_gmt":"2024-03-15T11:29:19","slug":"spotkania-gospodarcze","status":"publish","type":"page","link":"https:\/\/chkg.chodziez.pl\/en\/spotkania-gospodarcze\/","title":{"rendered":"Spotkania gospodarcze"},"content":{"rendered":"\t\t<div data-elementor-type=\"wp-page\" data-elementor-id=\"5546\" class=\"elementor elementor-5546\" data-elementor-post-type=\"page\">\n\t\t\t\t\t\t<section class=\"elementor-section elementor-top-section elementor-element elementor-element-4473558 elementor-section-boxed elementor-section-height-default elementor-section-height-default\" data-id=\"4473558\" data-element_type=\"section\" data-e-type=\"section\">\n\t\t\t\t\t\t<div class=\"elementor-container elementor-column-gap-default\">\n\t\t\t\t\t<div class=\"elementor-column elementor-col-50 elementor-top-column elementor-element elementor-element-7f35493\" data-id=\"7f35493\" data-element_type=\"column\" data-e-type=\"column\">\n\t\t\t<div class=\"elementor-widget-wrap elementor-element-populated\">\n\t\t\t\t\t\t<div class=\"elementor-element elementor-element-1d7d9e0 elementor-widget elementor-widget-spacer\" data-id=\"1d7d9e0\" data-element_type=\"widget\" data-e-type=\"widget\" data-widget_type=\"spacer.default\">\n\t\t\t\t<div class=\"elementor-widget-container\">\n\t\t\t\t\t\t\t<div class=\"elementor-spacer\">\n\t\t\t<div class=\"elementor-spacer-inner\"><\/div>\n\t\t<\/div>\n\t\t\t\t\t\t<\/div>\n\t\t\t\t<\/div>\n\t\t\t\t<div class=\"elementor-element elementor-element-1a7c3e4 elementor-widget elementor-widget-heading\" data-id=\"1a7c3e4\" data-element_type=\"widget\" data-e-type=\"widget\" data-widget_type=\"heading.default\">\n\t\t\t\t<div class=\"elementor-widget-container\">\n\t\t\t\t\t<h2 class=\"elementor-heading-title elementor-size-default\">Wsp\u00f3\u0142praca <\/h2>\t\t\t\t<\/div>\n\t\t\t\t<\/div>\n\t\t\t\t<div class=\"elementor-element elementor-element-07f90f0 elementor-widget elementor-widget-heading\" data-id=\"07f90f0\" data-element_type=\"widget\" data-e-type=\"widget\" data-widget_type=\"heading.default\">\n\t\t\t\t<div class=\"elementor-widget-container\">\n\t\t\t\t\t<h2 class=\"elementor-heading-title elementor-size-default\">Gospodarcza<\/h2>\t\t\t\t<\/div>\n\t\t\t\t<\/div>\n\t\t\t\t<div class=\"elementor-element elementor-element-3b7d534 elementor-widget__width-initial elementor-widget elementor-widget-text-editor\" data-id=\"3b7d534\" data-element_type=\"widget\" data-e-type=\"widget\" data-widget_type=\"text-editor.default\">\n\t\t\t\t<div class=\"elementor-widget-container\">\n\t\t\t\t\t\t\t\t\t<p>Wsp\u00f3\u0142praca gospodarcza Chodzieskiego Klubu Gospodarczego opiera si\u0119 na zasadach partnerstwa i wsp\u00f3lnych interes\u00f3w. Klub d\u0105\u017cy do budowania relacji biznesowych zar\u00f3wno na poziomie lokalnym, jak i regionalnym, widz\u0105c w tym potencja\u0142 rozwoju dla wszystkich uczestnik\u00f3w. Poprzez aktywn\u0105 wsp\u00f3\u0142prac\u0119 z Izba Gospodarcza P\u00f3\u0142nocnej Wielkopolski oraz innymi podmiotami gospodarczymi, klub stawia sobie za cel promowanie innowacji, rozwoju przedsi\u0119biorczo\u015bci oraz wzmacnianie pozycji lokalnego rynku.<\/p>\t\t\t\t\t\t\t\t<\/div>\n\t\t\t\t<\/div>\n\t\t\t\t\t<\/div>\n\t\t<\/div>\n\t\t\t\t<div class=\"elementor-column elementor-col-50 elementor-top-column elementor-element elementor-element-cc902a5\" data-id=\"cc902a5\" data-element_type=\"column\" data-e-type=\"column\">\n\t\t\t<div class=\"elementor-widget-wrap elementor-element-populated\">\n\t\t\t\t\t\t<div class=\"elementor-element elementor-element-553da2a elementor-widget elementor-widget-image\" data-id=\"553da2a\" data-element_type=\"widget\" data-e-type=\"widget\" data-widget_type=\"image.default\">\n\t\t\t\t<div class=\"elementor-widget-container\">\n\t\t\t\t\t\t\t\t\t\t\t\t\t\t\t<img fetchpriority=\"high\" decoding=\"async\" width=\"760\" height=\"570\" src=\"https:\/\/chkg.chodziez.pl\/wp-content\/uploads\/2024\/03\/P1780987-1024x768.jpeg\" class=\"attachment-large size-large wp-image-5296\" alt=\"\" srcset=\"https:\/\/chkg.chodziez.pl\/wp-content\/uploads\/2024\/03\/P1780987-1024x768.jpeg 1024w, https:\/\/chkg.chodziez.pl\/wp-content\/uploads\/2024\/03\/P1780987-300x225.jpeg 300w, https:\/\/chkg.chodziez.pl\/wp-content\/uploads\/2024\/03\/P1780987-768x576.jpeg 768w, https:\/\/chkg.chodziez.pl\/wp-content\/uploads\/2024\/03\/P1780987-1536x1152.jpeg 1536w, https:\/\/chkg.chodziez.pl\/wp-content\/uploads\/2024\/03\/P1780987-2048x1536.jpeg 2048w, https:\/\/chkg.chodziez.pl\/wp-content\/uploads\/2024\/03\/P1780987-590x443.jpeg 590w, https:\/\/chkg.chodziez.pl\/wp-content\/uploads\/2024\/03\/P1780987-893x670.jpeg 893w, https:\/\/chkg.chodziez.pl\/wp-content\/uploads\/2024\/03\/P1780987-577x433.jpeg 577w, https:\/\/chkg.chodziez.pl\/wp-content\/uploads\/2024\/03\/P1780987-1200x900.jpeg 1200w, https:\/\/chkg.chodziez.pl\/wp-content\/uploads\/2024\/03\/P1780987-600x450.jpeg 600w\" sizes=\"(max-width: 760px) 100vw, 760px\" \/>\t\t\t\t\t\t\t\t\t\t\t\t\t\t\t<\/div>\n\t\t\t\t<\/div>\n\t\t\t\t\t<\/div>\n\t\t<\/div>\n\t\t\t\t\t<\/div>\n\t\t<\/section>\n\t\t\t\t<section class=\"elementor-section elementor-top-section elementor-element elementor-element-32ea22d elementor-section-boxed elementor-section-height-default elementor-section-height-default\" data-id=\"32ea22d\" data-element_type=\"section\" data-e-type=\"section\">\n\t\t\t\t\t\t<div class=\"elementor-container elementor-column-gap-default\">\n\t\t\t\t\t<div class=\"elementor-column elementor-col-100 elementor-top-column elementor-element elementor-element-b7b2c80\" data-id=\"b7b2c80\" data-element_type=\"column\" data-e-type=\"column\">\n\t\t\t<div class=\"elementor-widget-wrap elementor-element-populated\">\n\t\t\t\t\t\t<div class=\"elementor-element elementor-element-f65eb77 elementor-widget elementor-widget-spacer\" data-id=\"f65eb77\" data-element_type=\"widget\" data-e-type=\"widget\" data-widget_type=\"spacer.default\">\n\t\t\t\t<div class=\"elementor-widget-container\">\n\t\t\t\t\t\t\t<div class=\"elementor-spacer\">\n\t\t\t<div class=\"elementor-spacer-inner\"><\/div>\n\t\t<\/div>\n\t\t\t\t\t\t<\/div>\n\t\t\t\t<\/div>\n\t\t\t\t\t<\/div>\n\t\t<\/div>\n\t\t\t\t\t<\/div>\n\t\t<\/section>\n\t\t\t\t<section class=\"elementor-section elementor-top-section elementor-element elementor-element-28e3a91 elementor-section-boxed elementor-section-height-default elementor-section-height-default\" data-id=\"28e3a91\" data-element_type=\"section\" data-e-type=\"section\">\n\t\t\t\t\t\t<div class=\"elementor-container elementor-column-gap-default\">\n\t\t\t\t\t<div class=\"elementor-column elementor-col-100 elementor-top-column elementor-element elementor-element-0155e4e\" data-id=\"0155e4e\" data-element_type=\"column\" data-e-type=\"column\">\n\t\t\t<div class=\"elementor-widget-wrap elementor-element-populated\">\n\t\t\t\t\t\t<section class=\"elementor-section elementor-inner-section elementor-element elementor-element-e4791a2 elementor-section-boxed elementor-section-height-default elementor-section-height-default\" data-id=\"e4791a2\" data-element_type=\"section\" data-e-type=\"section\" data-settings=\"{&quot;background_background&quot;:&quot;classic&quot;}\">\n\t\t\t\t\t\t<div class=\"elementor-container elementor-column-gap-default\">\n\t\t\t\t\t<div class=\"elementor-column elementor-col-100 elementor-inner-column elementor-element elementor-element-aa1cfac\" data-id=\"aa1cfac\" data-element_type=\"column\" data-e-type=\"column\">\n\t\t\t<div class=\"elementor-widget-wrap elementor-element-populated\">\n\t\t\t\t\t\t<div class=\"elementor-element elementor-element-548c78e elementor-widget elementor-widget-text-editor\" data-id=\"548c78e\" data-element_type=\"widget\" data-e-type=\"widget\" data-widget_type=\"text-editor.default\">\n\t\t\t\t<div class=\"elementor-widget-container\">\n\t\t\t\t\t\t\t\t\t<p><span style=\"color: #000000;\"><strong>Chodzieski Klub Gospodarczy podtrzymuje swoj\u0105 niezale\u017cno\u015b\u0107 i autonomi\u0119, aby m\u00f3c skutecznie reprezentowa\u0107 interesy swoich cz\u0142onk\u00f3w oraz prowadzi\u0107 dzia\u0142ania zgodnie z w\u0142asn\u0105 wizj\u0105 i strategi\u0105 rozwoju.<\/strong><\/span> Wsp\u00f3\u0142praca z Izba Gospodarcza P\u00f3\u0142nocnej Wielkopolski i innymi podmiotami jest dla Chodzieskiego Klubu Gospodarczego cenn\u0105 mo\u017cliwo\u015bci\u0105 wymiany do\u015bwiadcze\u0144, wiedzy oraz wsp\u00f3lnego dzia\u0142ania na rzecz rozwoju lokalnej spo\u0142eczno\u015bci gospodarczej.<\/p>\t\t\t\t\t\t\t\t<\/div>\n\t\t\t\t<\/div>\n\t\t\t\t\t<\/div>\n\t\t<\/div>\n\t\t\t\t\t<\/div>\n\t\t<\/section>\n\t\t\t\t\t<\/div>\n\t\t<\/div>\n\t\t\t\t\t<\/div>\n\t\t<\/section>\n\t\t\t\t<section class=\"elementor-section elementor-top-section elementor-element elementor-element-ebf57e8 elementor-section-full_width elementor-section-height-default elementor-section-height-default\" data-id=\"ebf57e8\" data-element_type=\"section\" data-e-type=\"section\">\n\t\t\t\t\t\t<div class=\"elementor-container elementor-column-gap-no\">\n\t\t\t\t\t<div class=\"elementor-column elementor-col-100 elementor-top-column elementor-element elementor-element-800749c\" data-id=\"800749c\" data-element_type=\"column\" data-e-type=\"column\">\n\t\t\t<div class=\"elementor-widget-wrap elementor-element-populated\">\n\t\t\t\t\t\t<div class=\"elementor-element elementor-element-dc72516 elementor-widget elementor-widget-spacer\" data-id=\"dc72516\" data-element_type=\"widget\" data-e-type=\"widget\" data-widget_type=\"spacer.default\">\n\t\t\t\t<div class=\"elementor-widget-container\">\n\t\t\t\t\t\t\t<div class=\"elementor-spacer\">\n\t\t\t<div class=\"elementor-spacer-inner\"><\/div>\n\t\t<\/div>\n\t\t\t\t\t\t<\/div>\n\t\t\t\t<\/div>\n\t\t\t\t<div class=\"elementor-element elementor-element-afed01e elementor-widget elementor-widget-heading\" data-id=\"afed01e\" data-element_type=\"widget\" data-e-type=\"widget\" data-widget_type=\"heading.default\">\n\t\t\t\t<div class=\"elementor-widget-container\">\n\t\t\t\t\t<h2 class=\"elementor-heading-title elementor-size-default\">Innowacja i rozw\u00f3j przedsi\u0119biorczo\u015bci<\/h2>\t\t\t\t<\/div>\n\t\t\t\t<\/div>\n\t\t\t\t<div class=\"elementor-element elementor-element-087176f elementor-widget elementor-widget-text-editor\" data-id=\"087176f\" data-element_type=\"widget\" data-e-type=\"widget\" data-widget_type=\"text-editor.default\">\n\t\t\t\t<div class=\"elementor-widget-container\">\n\t\t\t\t\t\t\t\t\t<div class=\"elementor-element elementor-element-f91791f ob-harakiri-inherit ob-has-background-overlay elementor-widget elementor-widget-text-editor ob-harakiri\" data-id=\"f91791f\" data-element_type=\"widget\" data-settings=\"{&quot;_ob_use_harakiri&quot;:&quot;yes&quot;,&quot;_ob_harakiri_writing_mode&quot;:&quot;inherit&quot;,&quot;_ob_postman_use&quot;:&quot;no&quot;,&quot;_ob_widget_stalker_use&quot;:&quot;no&quot;,&quot;_ob_poopart_use&quot;:&quot;yes&quot;,&quot;_ob_shadough_use&quot;:&quot;no&quot;,&quot;_ob_allow_hoveranimator&quot;:&quot;no&quot;}\" data-widget_type=\"text-editor.default\"><div class=\"elementor-widget-container\"><h3 style=\"text-align: left;\"><span style=\"color: #0a5d92;\">W Wielkopolsce i na terenie ca\u0142ego kraju<\/span><\/h3><\/div><\/div>\t\t\t\t\t\t\t\t<\/div>\n\t\t\t\t<\/div>\n\t\t\t\t<div class=\"elementor-element elementor-element-5232d5e elementor-widget elementor-widget-text-editor\" data-id=\"5232d5e\" data-element_type=\"widget\" data-e-type=\"widget\" data-widget_type=\"text-editor.default\">\n\t\t\t\t<div class=\"elementor-widget-container\">\n\t\t\t\t\t\t\t\t\t<p><span style=\"color: #000000;\">Chodzieski Klub Gospodarczy postrzega wsp\u00f3\u0142prac\u0119 jako kluczowy element swojej dzia\u0142alno\u015bci, szczeg\u00f3lnie w kontek\u015bcie promowania innowacji i rozwoju przedsi\u0119biorczo\u015bci w regionie. Klub aktywnie poszukuje partner\u00f3w biznesowych oraz instytucji, z kt\u00f3rymi mo\u017ce wsp\u00f3lnie dzia\u0142a\u0107 na rzecz kreowania sprzyjaj\u0105cego \u015brodowiska biznesowego. Poprzez wsp\u00f3\u0142prac\u0119 z Izba Gospodarcza P\u00f3\u0142nocnej Wielkopolski i innymi podmiotami, <strong>klub d\u0105\u017cy do realizacji wsp\u00f3lnych projekt\u00f3w, inicjatyw oraz dzia\u0142a\u0144, kt\u00f3re przyczyni\u0105 si\u0119 do wzrostu potencja\u0142u gospodarczego regionu.<\/strong><\/span><\/p><p><span style=\"color: #000000;\">Wsp\u00f3\u0142praca Chodzieskiego Klubu Gospodarczego opiera si\u0119 na wzajemnym szacunku, zaufaniu oraz partnerstwie, co pozwala na efektywne osi\u0105ganie cel\u00f3w biznesowych i spo\u0142ecznych. Klub aktywnie anga\u017cuje si\u0119 w dialog z lokalnymi w\u0142adzami publicznymi i samorz\u0105dowymi, reprezentuj\u0105c wsp\u00f3lne interesy biznesowe oraz dzia\u0142aj\u0105c na rzecz rozwoju lokalnej spo\u0142eczno\u015bci. Wsp\u00f3lna praca z r\u00f3\u017cnymi podmiotami gospodarczymi umo\u017cliwia wymian\u0119 wiedzy, do\u015bwiadcze\u0144 oraz najlepszych praktyk, co przyczynia si\u0119 do budowania silniejszej i bardziej konkurencyjnej gospodarki na szczeblu lokalnym i regionalnym.<\/span><\/p><p><strong><span style=\"color: #000000;\">W efekcie, wsp\u00f3\u0142praca Chodzieskiego Klubu Gospodarczego z r\u00f3\u017cnymi partnerami staje si\u0119 istotnym czynnikiem wspieraj\u0105cym rozw\u00f3j przedsi\u0119biorczo\u015bci oraz kreuj\u0105cym sprzyjaj\u0105ce warunki dla innowacyjno\u015bci i rozwoju lokalnego biznesu.<\/span><\/strong><\/p>\t\t\t\t\t\t\t\t<\/div>\n\t\t\t\t<\/div>\n\t\t\t\t<div class=\"elementor-element elementor-element-d610b9c elementor-align-center elementor-mobile-align-center elementor-widget elementor-widget-button\" data-id=\"d610b9c\" data-element_type=\"widget\" data-e-type=\"widget\" data-widget_type=\"button.default\">\n\t\t\t\t<div class=\"elementor-widget-container\">\n\t\t\t\t\t\t\t\t\t<div class=\"elementor-button-wrapper\">\n\t\t\t\t\t<a class=\"elementor-button elementor-button-link elementor-size-md\" href=\"\/dolacz-do-nas\/\">\n\t\t\t\t\t\t<span class=\"elementor-button-content-wrapper\">\n\t\t\t\t\t\t\t\t\t<span class=\"elementor-button-text\">DO\u0141\u0104CZ DO NAS<\/span>\n\t\t\t\t\t<\/span>\n\t\t\t\t\t<\/a>\n\t\t\t\t<\/div>\n\t\t\t\t\t\t\t\t<\/div>\n\t\t\t\t<\/div>\n\t\t\t\t\t<\/div>\n\t\t<\/div>\n\t\t\t\t\t<\/div>\n\t\t<\/section>\n\t\t\t\t<section class=\"elementor-section elementor-top-section elementor-element elementor-element-47be612 elementor-section-boxed elementor-section-height-default elementor-section-height-default\" data-id=\"47be612\" data-element_type=\"section\" data-e-type=\"section\">\n\t\t\t\t\t\t<div class=\"elementor-container elementor-column-gap-default\">\n\t\t\t\t\t<div class=\"elementor-column elementor-col-100 elementor-top-column elementor-element elementor-element-4439608\" data-id=\"4439608\" data-element_type=\"column\" data-e-type=\"column\">\n\t\t\t<div class=\"elementor-widget-wrap elementor-element-populated\">\n\t\t\t\t\t\t<div class=\"elementor-element elementor-element-005e5e6 elementor-widget elementor-widget-spacer\" data-id=\"005e5e6\" data-element_type=\"widget\" data-e-type=\"widget\" data-widget_type=\"spacer.default\">\n\t\t\t\t<div class=\"elementor-widget-container\">\n\t\t\t\t\t\t\t<div class=\"elementor-spacer\">\n\t\t\t<div class=\"elementor-spacer-inner\"><\/div>\n\t\t<\/div>\n\t\t\t\t\t\t<\/div>\n\t\t\t\t<\/div>\n\t\t\t\t\t<\/div>\n\t\t<\/div>\n\t\t\t\t\t<\/div>\n\t\t<\/section>\n\t\t\t\t<\/div>\n\t\t","protected":false},"excerpt":{"rendered":"<p>Wsp\u00f3\u0142praca Gospodarcza Wsp\u00f3\u0142praca gospodarcza Chodzieskiego Klubu Gospodarczego opiera si\u0119 na zasadach partnerstwa i wsp\u00f3lnych interes\u00f3w. Klub d\u0105\u017cy do budowania relacji biznesowych zar\u00f3wno na poziomie lokalnym, jak i regionalnym, widz\u0105c w tym potencja\u0142 rozwoju dla wszystkich uczestnik\u00f3w. Poprzez aktywn\u0105 wsp\u00f3\u0142prac\u0119 z Izba Gospodarcza P\u00f3\u0142nocnej Wielkopolski oraz innymi podmiotami gospodarczymi, klub stawia sobie za cel promowanie innowacji, [&hellip;]<\/p>\n","protected":false},"author":31,"featured_media":0,"parent":0,"menu_order":0,"comment_status":"closed","ping_status":"closed","template":"","meta":{"footnotes":""},"class_list":["post-5546","page","type-page","status-publish","hentry"],"_links":{"self":[{"href":"https:\/\/chkg.chodziez.pl\/en\/wp-json\/wp\/v2\/pages\/5546","targetHints":{"allow":["GET"]}}],"collection":[{"href":"https:\/\/chkg.chodziez.pl\/en\/wp-json\/wp\/v2\/pages"}],"about":[{"href":"https:\/\/chkg.chodziez.pl\/en\/wp-json\/wp\/v2\/types\/page"}],"author":[{"embeddable":true,"href":"https:\/\/chkg.chodziez.pl\/en\/wp-json\/wp\/v2\/users\/31"}],"replies":[{"embeddable":true,"href":"https:\/\/chkg.chodziez.pl\/en\/wp-json\/wp\/v2\/comments?post=5546"}],"version-history":[{"count":28,"href":"https:\/\/chkg.chodziez.pl\/en\/wp-json\/wp\/v2\/pages\/5546\/revisions"}],"predecessor-version":[{"id":5932,"href":"https:\/\/chkg.chodziez.pl\/en\/wp-json\/wp\/v2\/pages\/5546\/revisions\/5932"}],"wp:attachment":[{"href":"https:\/\/chkg.chodziez.pl\/en\/wp-json\/wp\/v2\/media?parent=5546"}],"curies":[{"name":"wp","href":"https:\/\/api.w.org\/{rel}","templated":true}]}}