{"id":5971,"date":"2024-03-21T17:34:52","date_gmt":"2024-03-21T17:34:52","guid":{"rendered":"https:\/\/chkg.chodziez.pl\/?page_id=5971"},"modified":"2024-03-21T17:41:14","modified_gmt":"2024-03-21T17:41:14","slug":"wazne-linki","status":"publish","type":"page","link":"https:\/\/chkg.chodziez.pl\/en\/wazne-linki\/","title":{"rendered":"Wa\u017cne linki"},"content":{"rendered":"\t\t<div data-elementor-type=\"wp-page\" data-elementor-id=\"5971\" class=\"elementor elementor-5971\" data-elementor-post-type=\"page\">\n\t\t\t\t\t\t<section class=\"elementor-section elementor-top-section elementor-element elementor-element-47be612 elementor-section-boxed elementor-section-height-default elementor-section-height-default\" data-id=\"47be612\" data-element_type=\"section\" data-e-type=\"section\">\n\t\t\t\t\t\t<div class=\"elementor-container elementor-column-gap-default\">\n\t\t\t\t\t<div class=\"elementor-column elementor-col-100 elementor-top-column elementor-element elementor-element-4439608\" data-id=\"4439608\" data-element_type=\"column\" data-e-type=\"column\">\n\t\t\t<div class=\"elementor-widget-wrap elementor-element-populated\">\n\t\t\t\t\t\t<div class=\"elementor-element elementor-element-005e5e6 elementor-widget elementor-widget-spacer\" data-id=\"005e5e6\" data-element_type=\"widget\" data-e-type=\"widget\" data-widget_type=\"spacer.default\">\n\t\t\t\t<div class=\"elementor-widget-container\">\n\t\t\t\t\t\t\t<div class=\"elementor-spacer\">\n\t\t\t<div class=\"elementor-spacer-inner\"><\/div>\n\t\t<\/div>\n\t\t\t\t\t\t<\/div>\n\t\t\t\t<\/div>\n\t\t\t\t\t<\/div>\n\t\t<\/div>\n\t\t\t\t\t<\/div>\n\t\t<\/section>\n\t\t\t\t<section class=\"elementor-section elementor-top-section elementor-element elementor-element-454ca6f elementor-section-boxed elementor-section-height-default elementor-section-height-default\" data-id=\"454ca6f\" data-element_type=\"section\" data-e-type=\"section\">\n\t\t\t\t\t\t<div class=\"elementor-container elementor-column-gap-default\">\n\t\t\t\t\t<div class=\"elementor-column elementor-col-100 elementor-top-column elementor-element elementor-element-a063a10\" data-id=\"a063a10\" data-element_type=\"column\" data-e-type=\"column\">\n\t\t\t<div class=\"elementor-widget-wrap elementor-element-populated\">\n\t\t\t\t\t\t<div class=\"elementor-element elementor-element-3ec2d22 elementor-widget elementor-widget-heading\" data-id=\"3ec2d22\" data-element_type=\"widget\" data-e-type=\"widget\" data-widget_type=\"heading.default\">\n\t\t\t\t<div class=\"elementor-widget-container\">\n\t\t\t\t\t<h2 class=\"elementor-heading-title elementor-size-default\">Targi<\/h2>\t\t\t\t<\/div>\n\t\t\t\t<\/div>\n\t\t\t\t\t<\/div>\n\t\t<\/div>\n\t\t\t\t\t<\/div>\n\t\t<\/section>\n\t\t\t\t<section class=\"elementor-section elementor-top-section elementor-element elementor-element-1d4db04 elementor-section-boxed elementor-section-height-default elementor-section-height-default\" data-id=\"1d4db04\" data-element_type=\"section\" data-e-type=\"section\">\n\t\t\t\t\t\t<div class=\"elementor-container elementor-column-gap-default\">\n\t\t\t\t\t<div class=\"elementor-column elementor-col-100 elementor-top-column elementor-element elementor-element-bfdd862\" data-id=\"bfdd862\" data-element_type=\"column\" data-e-type=\"column\">\n\t\t\t<div class=\"elementor-widget-wrap elementor-element-populated\">\n\t\t\t\t\t\t<div class=\"elementor-element elementor-element-ab0ee3f elementor-widget elementor-widget-spacer\" data-id=\"ab0ee3f\" data-element_type=\"widget\" data-e-type=\"widget\" data-widget_type=\"spacer.default\">\n\t\t\t\t<div class=\"elementor-widget-container\">\n\t\t\t\t\t\t\t<div class=\"elementor-spacer\">\n\t\t\t<div class=\"elementor-spacer-inner\"><\/div>\n\t\t<\/div>\n\t\t\t\t\t\t<\/div>\n\t\t\t\t<\/div>\n\t\t\t\t\t<\/div>\n\t\t<\/div>\n\t\t\t\t\t<\/div>\n\t\t<\/section>\n\t\t\t\t<section class=\"elementor-section elementor-top-section elementor-element elementor-element-3866d25 elementor-section-boxed elementor-section-height-default elementor-section-height-default\" data-id=\"3866d25\" data-element_type=\"section\" data-e-type=\"section\">\n\t\t\t\t\t\t<div class=\"elementor-container elementor-column-gap-default\">\n\t\t\t\t\t<div class=\"elementor-column elementor-col-33 elementor-top-column elementor-element elementor-element-cead246\" data-id=\"cead246\" data-element_type=\"column\" data-e-type=\"column\">\n\t\t\t<div class=\"elementor-widget-wrap elementor-element-populated\">\n\t\t\t\t\t\t<div class=\"elementor-element elementor-element-0b05c3a elementor-widget elementor-widget-image\" data-id=\"0b05c3a\" data-element_type=\"widget\" data-e-type=\"widget\" data-widget_type=\"image.default\">\n\t\t\t\t<div class=\"elementor-widget-container\">\n\t\t\t\t\t\t\t\t\t\t\t\t\t\t\t\t<a href=\"https:\/\/chkg.chodziez.pl\/wp-content\/uploads\/2024\/03\/REGULAMIN-TARGOW20241-1.pdf\">\n\t\t\t\t\t\t\t<img fetchpriority=\"high\" decoding=\"async\" width=\"225\" height=\"225\" src=\"https:\/\/chkg.chodziez.pl\/wp-content\/uploads\/2024\/03\/images.png\" class=\"attachment-large size-large wp-image-5523\" alt=\"\" srcset=\"https:\/\/chkg.chodziez.pl\/wp-content\/uploads\/2024\/03\/images.png 225w, https:\/\/chkg.chodziez.pl\/wp-content\/uploads\/2024\/03\/images-150x150.png 150w, https:\/\/chkg.chodziez.pl\/wp-content\/uploads\/2024\/03\/images-200x200.png 200w, https:\/\/chkg.chodziez.pl\/wp-content\/uploads\/2024\/03\/images-100x100.png 100w\" sizes=\"(max-width: 225px) 100vw, 225px\" \/>\t\t\t\t\t\t\t\t<\/a>\n\t\t\t\t\t\t\t\t\t\t\t\t\t\t\t<\/div>\n\t\t\t\t<\/div>\n\t\t\t\t<div class=\"elementor-element elementor-element-fe124eb elementor-widget elementor-widget-text-editor\" data-id=\"fe124eb\" data-element_type=\"widget\" data-e-type=\"widget\" data-widget_type=\"text-editor.default\">\n\t\t\t\t<div class=\"elementor-widget-container\">\n\t\t\t\t\t\t\t\t\t<div><p style=\"text-align: center;\"><span style=\"color: #000000;\">Regulamin<\/span><\/p><\/div>\t\t\t\t\t\t\t\t<\/div>\n\t\t\t\t<\/div>\n\t\t\t\t\t<\/div>\n\t\t<\/div>\n\t\t\t\t<div class=\"elementor-column elementor-col-33 elementor-top-column elementor-element elementor-element-899cad3\" data-id=\"899cad3\" data-element_type=\"column\" data-e-type=\"column\">\n\t\t\t<div class=\"elementor-widget-wrap elementor-element-populated\">\n\t\t\t\t\t\t<div class=\"elementor-element elementor-element-3e3b463 elementor-widget elementor-widget-image\" data-id=\"3e3b463\" data-element_type=\"widget\" data-e-type=\"widget\" data-widget_type=\"image.default\">\n\t\t\t\t<div class=\"elementor-widget-container\">\n\t\t\t\t\t\t\t\t\t\t\t\t\t\t\t\t<a href=\"https:\/\/chkg.chodziez.pl\/wp-content\/uploads\/2024\/03\/FORMULARZ-ZGLOSZENIOWY-20241.docx\">\n\t\t\t\t\t\t\t<img fetchpriority=\"high\" decoding=\"async\" width=\"225\" height=\"225\" src=\"https:\/\/chkg.chodziez.pl\/wp-content\/uploads\/2024\/03\/images.png\" class=\"attachment-large size-large wp-image-5523\" alt=\"\" srcset=\"https:\/\/chkg.chodziez.pl\/wp-content\/uploads\/2024\/03\/images.png 225w, https:\/\/chkg.chodziez.pl\/wp-content\/uploads\/2024\/03\/images-150x150.png 150w, https:\/\/chkg.chodziez.pl\/wp-content\/uploads\/2024\/03\/images-200x200.png 200w, https:\/\/chkg.chodziez.pl\/wp-content\/uploads\/2024\/03\/images-100x100.png 100w\" sizes=\"(max-width: 225px) 100vw, 225px\" \/>\t\t\t\t\t\t\t\t<\/a>\n\t\t\t\t\t\t\t\t\t\t\t\t\t\t\t<\/div>\n\t\t\t\t<\/div>\n\t\t\t\t<div class=\"elementor-element elementor-element-069c1e7 elementor-widget elementor-widget-text-editor\" data-id=\"069c1e7\" data-element_type=\"widget\" data-e-type=\"widget\" data-widget_type=\"text-editor.default\">\n\t\t\t\t<div class=\"elementor-widget-container\">\n\t\t\t\t\t\t\t\t\t<p style=\"text-align: center;\"><span style=\"color: #000000;\">Formularz zg\u0142oszeniowy<\/span><\/p>\t\t\t\t\t\t\t\t<\/div>\n\t\t\t\t<\/div>\n\t\t\t\t\t<\/div>\n\t\t<\/div>\n\t\t\t\t<div class=\"elementor-column elementor-col-33 elementor-top-column elementor-element elementor-element-8b32ac8\" data-id=\"8b32ac8\" data-element_type=\"column\" data-e-type=\"column\">\n\t\t\t<div class=\"elementor-widget-wrap elementor-element-populated\">\n\t\t\t\t\t\t<div class=\"elementor-element elementor-element-393525a elementor-widget elementor-widget-image\" data-id=\"393525a\" data-element_type=\"widget\" data-e-type=\"widget\" data-widget_type=\"image.default\">\n\t\t\t\t<div class=\"elementor-widget-container\">\n\t\t\t\t\t\t\t\t\t\t\t\t\t\t\t\t<a href=\"https:\/\/chkg.chodziez.pl\/wp-content\/uploads\/2024\/03\/REGULAMIN-i-zgloszenie-do-KONKURSU-Najlepszy-Produkt-lub-Usluga-Targi-Godpodarcze2020.rtf\">\n\t\t\t\t\t\t\t<img fetchpriority=\"high\" decoding=\"async\" width=\"225\" height=\"225\" src=\"https:\/\/chkg.chodziez.pl\/wp-content\/uploads\/2024\/03\/images.png\" class=\"attachment-large size-large wp-image-5523\" alt=\"\" srcset=\"https:\/\/chkg.chodziez.pl\/wp-content\/uploads\/2024\/03\/images.png 225w, https:\/\/chkg.chodziez.pl\/wp-content\/uploads\/2024\/03\/images-150x150.png 150w, https:\/\/chkg.chodziez.pl\/wp-content\/uploads\/2024\/03\/images-200x200.png 200w, https:\/\/chkg.chodziez.pl\/wp-content\/uploads\/2024\/03\/images-100x100.png 100w\" sizes=\"(max-width: 225px) 100vw, 225px\" \/>\t\t\t\t\t\t\t\t<\/a>\n\t\t\t\t\t\t\t\t\t\t\t\t\t\t\t<\/div>\n\t\t\t\t<\/div>\n\t\t\t\t<div class=\"elementor-element elementor-element-e692d32 elementor-widget elementor-widget-text-editor\" data-id=\"e692d32\" data-element_type=\"widget\" data-e-type=\"widget\" data-widget_type=\"text-editor.default\">\n\t\t\t\t<div class=\"elementor-widget-container\">\n\t\t\t\t\t\t\t\t\t<p style=\"text-align: center;\"><span style=\"color: #000000;\">Formularz konkursowy<\/span><\/p>\t\t\t\t\t\t\t\t<\/div>\n\t\t\t\t<\/div>\n\t\t\t\t\t<\/div>\n\t\t<\/div>\n\t\t\t\t\t<\/div>\n\t\t<\/section>\n\t\t\t\t<section class=\"elementor-section elementor-top-section elementor-element elementor-element-cbf9bf7 elementor-section-boxed elementor-section-height-default elementor-section-height-default\" data-id=\"cbf9bf7\" data-element_type=\"section\" data-e-type=\"section\">\n\t\t\t\t\t\t<div class=\"elementor-container elementor-column-gap-default\">\n\t\t\t\t\t<div class=\"elementor-column elementor-col-100 elementor-top-column elementor-element elementor-element-6766380\" data-id=\"6766380\" data-element_type=\"column\" data-e-type=\"column\">\n\t\t\t<div class=\"elementor-widget-wrap elementor-element-populated\">\n\t\t\t\t\t\t<div class=\"elementor-element elementor-element-ae4c5a7 elementor-widget elementor-widget-heading\" data-id=\"ae4c5a7\" data-element_type=\"widget\" data-e-type=\"widget\" data-widget_type=\"heading.default\">\n\t\t\t\t<div class=\"elementor-widget-container\">\n\t\t\t\t\t<h2 class=\"elementor-heading-title elementor-size-default\">Zg\u0142oszenia prosimy przesy\u0142a\u0107 na adres: \n<\/h2>\t\t\t\t<\/div>\n\t\t\t\t<\/div>\n\t\t\t\t<div class=\"elementor-element elementor-element-517047c elementor-widget elementor-widget-text-editor\" data-id=\"517047c\" data-element_type=\"widget\" data-e-type=\"widget\" data-widget_type=\"text-editor.default\">\n\t\t\t\t<div class=\"elementor-widget-container\">\n\t\t\t\t\t\t\t\t\t<div class=\"elementor-element elementor-element-f91791f ob-harakiri-inherit ob-has-background-overlay elementor-widget elementor-widget-text-editor ob-harakiri\" data-id=\"f91791f\" data-element_type=\"widget\" data-settings=\"{&quot;_ob_use_harakiri&quot;:&quot;yes&quot;,&quot;_ob_harakiri_writing_mode&quot;:&quot;inherit&quot;,&quot;_ob_postman_use&quot;:&quot;no&quot;,&quot;_ob_widget_stalker_use&quot;:&quot;no&quot;,&quot;_ob_poopart_use&quot;:&quot;yes&quot;,&quot;_ob_shadough_use&quot;:&quot;no&quot;,&quot;_ob_allow_hoveranimator&quot;:&quot;no&quot;}\" data-widget_type=\"text-editor.default\"><div class=\"elementor-widget-container\"><h3 style=\"text-align: center;\"><span style=\"color: #0a5d92;\">Chodzieski Klub Gospodarczy ul. Dworcowa 1 64-800 Chodzie\u017c<\/span><\/h3><\/div><\/div>\t\t\t\t\t\t\t\t<\/div>\n\t\t\t\t<\/div>\n\t\t\t\t<div class=\"elementor-element elementor-element-3fc479b elementor-widget elementor-widget-text-editor\" data-id=\"3fc479b\" data-element_type=\"widget\" data-e-type=\"widget\" data-widget_type=\"text-editor.default\">\n\t\t\t\t<div class=\"elementor-widget-container\">\n\t\t\t\t\t\t\t\t\t<div class=\"elementor-element elementor-element-f91791f ob-harakiri-inherit ob-has-background-overlay elementor-widget elementor-widget-text-editor ob-harakiri\" data-id=\"f91791f\" data-element_type=\"widget\" data-settings=\"{&quot;_ob_use_harakiri&quot;:&quot;yes&quot;,&quot;_ob_harakiri_writing_mode&quot;:&quot;inherit&quot;,&quot;_ob_postman_use&quot;:&quot;no&quot;,&quot;_ob_widget_stalker_use&quot;:&quot;no&quot;,&quot;_ob_poopart_use&quot;:&quot;yes&quot;,&quot;_ob_shadough_use&quot;:&quot;no&quot;,&quot;_ob_allow_hoveranimator&quot;:&quot;no&quot;}\" data-widget_type=\"text-editor.default\"><div class=\"elementor-widget-container\"><h3 style=\"text-align: center;\"><span style=\"color: #0a5d92;\">lub e-mail: zgloszenie.targi@gmail.com<\/span><\/h3><\/div><\/div>\t\t\t\t\t\t\t\t<\/div>\n\t\t\t\t<\/div>\n\t\t\t\t<div class=\"elementor-element elementor-element-1574f4d elementor-widget elementor-widget-spacer\" data-id=\"1574f4d\" data-element_type=\"widget\" data-e-type=\"widget\" data-widget_type=\"spacer.default\">\n\t\t\t\t<div class=\"elementor-widget-container\">\n\t\t\t\t\t\t\t<div class=\"elementor-spacer\">\n\t\t\t<div class=\"elementor-spacer-inner\"><\/div>\n\t\t<\/div>\n\t\t\t\t\t\t<\/div>\n\t\t\t\t<\/div>\n\t\t\t\t<div class=\"elementor-element elementor-element-371505a elementor-widget elementor-widget-spacer\" data-id=\"371505a\" data-element_type=\"widget\" data-e-type=\"widget\" data-widget_type=\"spacer.default\">\n\t\t\t\t<div class=\"elementor-widget-container\">\n\t\t\t\t\t\t\t<div class=\"elementor-spacer\">\n\t\t\t<div class=\"elementor-spacer-inner\"><\/div>\n\t\t<\/div>\n\t\t\t\t\t\t<\/div>\n\t\t\t\t<\/div>\n\t\t\t\t\t<\/div>\n\t\t<\/div>\n\t\t\t\t\t<\/div>\n\t\t<\/section>\n\t\t\t\t<section class=\"elementor-section elementor-top-section elementor-element elementor-element-e94a607 elementor-section-boxed elementor-section-height-default elementor-section-height-default\" data-id=\"e94a607\" data-element_type=\"section\" data-e-type=\"section\">\n\t\t\t\t\t\t<div class=\"elementor-container elementor-column-gap-default\">\n\t\t\t\t\t<div class=\"elementor-column elementor-col-100 elementor-top-column elementor-element elementor-element-086e1b9\" data-id=\"086e1b9\" data-element_type=\"column\" data-e-type=\"column\">\n\t\t\t<div class=\"elementor-widget-wrap elementor-element-populated\">\n\t\t\t\t\t\t<div class=\"elementor-element elementor-element-2207bd8 elementor-widget elementor-widget-heading\" data-id=\"2207bd8\" data-element_type=\"widget\" data-e-type=\"widget\" data-widget_type=\"heading.default\">\n\t\t\t\t<div class=\"elementor-widget-container\">\n\t\t\t\t\t<h2 class=\"elementor-heading-title elementor-size-default\">Dokumenty CHKG<\/h2>\t\t\t\t<\/div>\n\t\t\t\t<\/div>\n\t\t\t\t\t<\/div>\n\t\t<\/div>\n\t\t\t\t\t<\/div>\n\t\t<\/section>\n\t\t\t\t<section class=\"elementor-section elementor-top-section elementor-element elementor-element-0d8bc06 elementor-section-boxed elementor-section-height-default elementor-section-height-default\" data-id=\"0d8bc06\" data-element_type=\"section\" data-e-type=\"section\">\n\t\t\t\t\t\t<div class=\"elementor-container elementor-column-gap-default\">\n\t\t\t\t\t<div class=\"elementor-column elementor-col-50 elementor-top-column elementor-element elementor-element-2fb5841\" data-id=\"2fb5841\" data-element_type=\"column\" data-e-type=\"column\">\n\t\t\t<div class=\"elementor-widget-wrap elementor-element-populated\">\n\t\t\t\t\t\t<div class=\"elementor-element elementor-element-a477010 elementor-widget elementor-widget-image\" data-id=\"a477010\" data-element_type=\"widget\" data-e-type=\"widget\" data-widget_type=\"image.default\">\n\t\t\t\t<div class=\"elementor-widget-container\">\n\t\t\t\t\t\t\t\t\t\t\t\t\t\t\t\t<a href=\"https:\/\/chkg.chodziez.pl\/wp-content\/uploads\/2024\/03\/Deklaracja-czlonkowska-nowa-21.docx\">\n\t\t\t\t\t\t\t<img fetchpriority=\"high\" decoding=\"async\" width=\"225\" height=\"225\" src=\"https:\/\/chkg.chodziez.pl\/wp-content\/uploads\/2024\/03\/images.png\" class=\"attachment-large size-large wp-image-5523\" alt=\"\" srcset=\"https:\/\/chkg.chodziez.pl\/wp-content\/uploads\/2024\/03\/images.png 225w, https:\/\/chkg.chodziez.pl\/wp-content\/uploads\/2024\/03\/images-150x150.png 150w, https:\/\/chkg.chodziez.pl\/wp-content\/uploads\/2024\/03\/images-200x200.png 200w, https:\/\/chkg.chodziez.pl\/wp-content\/uploads\/2024\/03\/images-100x100.png 100w\" sizes=\"(max-width: 225px) 100vw, 225px\" \/>\t\t\t\t\t\t\t\t<\/a>\n\t\t\t\t\t\t\t\t\t\t\t\t\t\t\t<\/div>\n\t\t\t\t<\/div>\n\t\t\t\t<div class=\"elementor-element elementor-element-edfb50c elementor-widget elementor-widget-text-editor\" data-id=\"edfb50c\" data-element_type=\"widget\" data-e-type=\"widget\" data-widget_type=\"text-editor.default\">\n\t\t\t\t<div class=\"elementor-widget-container\">\n\t\t\t\t\t\t\t\t\t<div><p style=\"text-align: center;\"><span style=\"color: #000000;\">Deklaracja cz\u0142onkowska<\/span><\/p><\/div>\t\t\t\t\t\t\t\t<\/div>\n\t\t\t\t<\/div>\n\t\t\t\t\t<\/div>\n\t\t<\/div>\n\t\t\t\t<div class=\"elementor-column elementor-col-50 elementor-top-column elementor-element elementor-element-5056943\" data-id=\"5056943\" data-element_type=\"column\" data-e-type=\"column\">\n\t\t\t<div class=\"elementor-widget-wrap elementor-element-populated\">\n\t\t\t\t\t\t<div class=\"elementor-element elementor-element-cd4676e elementor-widget elementor-widget-image\" data-id=\"cd4676e\" data-element_type=\"widget\" data-e-type=\"widget\" data-widget_type=\"image.default\">\n\t\t\t\t<div class=\"elementor-widget-container\">\n\t\t\t\t\t\t\t\t\t\t\t\t\t\t\t\t<a href=\"https:\/\/chkg.chodziez.pl\/wp-content\/uploads\/2024\/03\/STATUT-STOWARZYSZENIA-NOWY-20161.pdf\">\n\t\t\t\t\t\t\t<img fetchpriority=\"high\" decoding=\"async\" width=\"225\" height=\"225\" src=\"https:\/\/chkg.chodziez.pl\/wp-content\/uploads\/2024\/03\/images.png\" class=\"attachment-large size-large wp-image-5523\" alt=\"\" srcset=\"https:\/\/chkg.chodziez.pl\/wp-content\/uploads\/2024\/03\/images.png 225w, https:\/\/chkg.chodziez.pl\/wp-content\/uploads\/2024\/03\/images-150x150.png 150w, https:\/\/chkg.chodziez.pl\/wp-content\/uploads\/2024\/03\/images-200x200.png 200w, https:\/\/chkg.chodziez.pl\/wp-content\/uploads\/2024\/03\/images-100x100.png 100w\" sizes=\"(max-width: 225px) 100vw, 225px\" \/>\t\t\t\t\t\t\t\t<\/a>\n\t\t\t\t\t\t\t\t\t\t\t\t\t\t\t<\/div>\n\t\t\t\t<\/div>\n\t\t\t\t<div class=\"elementor-element elementor-element-0265b53 elementor-widget elementor-widget-text-editor\" data-id=\"0265b53\" data-element_type=\"widget\" data-e-type=\"widget\" data-widget_type=\"text-editor.default\">\n\t\t\t\t<div class=\"elementor-widget-container\">\n\t\t\t\t\t\t\t\t\t<p style=\"text-align: center;\"><span style=\"color: #000000;\">Statut<\/span><\/p>\t\t\t\t\t\t\t\t<\/div>\n\t\t\t\t<\/div>\n\t\t\t\t\t<\/div>\n\t\t<\/div>\n\t\t\t\t\t<\/div>\n\t\t<\/section>\n\t\t\t\t<\/div>\n\t\t","protected":false},"excerpt":{"rendered":"<p>Targi Regulamin Formularz zg\u0142oszeniowy Formularz konkursowy Zg\u0142oszenia prosimy przesy\u0142a\u0107 na adres: Chodzieski Klub Gospodarczy ul. Dworcowa 1 64-800 Chodzie\u017c lub e-mail: zgloszenie.targi@gmail.com Dokumenty CHKG Deklaracja cz\u0142onkowska Statut<\/p>\n","protected":false},"author":31,"featured_media":0,"parent":0,"menu_order":0,"comment_status":"closed","ping_status":"closed","template":"","meta":{"footnotes":""},"class_list":["post-5971","page","type-page","status-publish","hentry"],"_links":{"self":[{"href":"https:\/\/chkg.chodziez.pl\/en\/wp-json\/wp\/v2\/pages\/5971","targetHints":{"allow":["GET"]}}],"collection":[{"href":"https:\/\/chkg.chodziez.pl\/en\/wp-json\/wp\/v2\/pages"}],"about":[{"href":"https:\/\/chkg.chodziez.pl\/en\/wp-json\/wp\/v2\/types\/page"}],"author":[{"embeddable":true,"href":"https:\/\/chkg.chodziez.pl\/en\/wp-json\/wp\/v2\/users\/31"}],"replies":[{"embeddable":true,"href":"https:\/\/chkg.chodziez.pl\/en\/wp-json\/wp\/v2\/comments?post=5971"}],"version-history":[{"count":7,"href":"https:\/\/chkg.chodziez.pl\/en\/wp-json\/wp\/v2\/pages\/5971\/revisions"}],"predecessor-version":[{"id":5981,"href":"https:\/\/chkg.chodziez.pl\/en\/wp-json\/wp\/v2\/pages\/5971\/revisions\/5981"}],"wp:attachment":[{"href":"https:\/\/chkg.chodziez.pl\/en\/wp-json\/wp\/v2\/media?parent=5971"}],"curies":[{"name":"wp","href":"https:\/\/api.w.org\/{rel}","templated":true}]}}